{"id":21712,"date":"2025-08-28T10:02:19","date_gmt":"2025-08-28T10:02:19","guid":{"rendered":"https:\/\/devfamilythera.wpenginepowered.com\/?page_id=21712"},"modified":"2025-10-27T10:42:27","modified_gmt":"2025-10-27T10:42:27","slug":"therapie-pour-adultes","status":"publish","type":"page","link":"https:\/\/family-therapy.ca\/fr\/conseil\/therapie-pour-adultes\/","title":{"rendered":"Th\u00e9rapie pour adultes"},"content":{"rendered":"<p><div class=\"fusion-fullwidth fullwidth-box fusion-builder-row-1 fusion-flex-container has-pattern-background has-mask-background remove_radius nonhundred-percent-fullwidth non-hundred-percent-height-scrolling\" style=\"--awb-border-radius-top-left:80px;--awb-border-radius-top-right:80px;--awb-border-radius-bottom-right:80px;--awb-border-radius-bottom-left:80px;--awb-overflow:hidden;--awb-padding-top:50px;--awb-padding-bottom:50px;--awb-margin-bottom:50px;--awb-background-color:#e4eef4;--awb-flex-wrap:wrap;\" ><div class=\"fusion-builder-row fusion-row fusion-flex-align-items-flex-start fusion-flex-justify-content-center fusion-flex-content-wrap\" style=\"max-width:1539.2px;margin-left: calc(-4% \/ 2 );margin-right: calc(-4% \/ 2 );\"><div class=\"fusion-layout-column fusion_builder_column fusion-builder-column-0 fusion_builder_column_1_1 1_1 fusion-flex-column\" style=\"--awb-bg-size:cover;--awb-width-large:100%;--awb-margin-top-large:0px;--awb-spacing-right-large:1.92%;--awb-margin-bottom-large:20px;--awb-spacing-left-large:1.92%;--awb-width-medium:100%;--awb-order-medium:0;--awb-spacing-right-medium:1.92%;--awb-spacing-left-medium:1.92%;--awb-width-small:100%;--awb-order-small:0;--awb-spacing-right-small:1.92%;--awb-spacing-left-small:1.92%;\"><div class=\"fusion-column-wrapper fusion-column-has-shadow fusion-flex-justify-content-flex-start fusion-content-layout-column\"><div class=\"fusion-title title fusion-title-1 fusion-sep-none fusion-title-center fusion-title-text fusion-title-size-one\"><h1 class=\"fusion-title-heading title-heading-center fusion-responsive-typography-calculated\" style=\"margin:0;--fontSize:64;line-height:1.1;\">Th\u00e9rapie pour adultes<\/h1><\/div><\/div><\/div><div class=\"fusion-layout-column fusion_builder_column fusion-builder-column-1 fusion_builder_column_3_5 3_5 fusion-flex-column\" style=\"--awb-bg-size:cover;--awb-width-large:60%;--awb-margin-top-large:0px;--awb-spacing-right-large:3.2%;--awb-margin-bottom-large:20px;--awb-spacing-left-large:3.2%;--awb-width-medium:60%;--awb-order-medium:0;--awb-spacing-right-medium:3.2%;--awb-spacing-left-medium:3.2%;--awb-width-small:100%;--awb-order-small:0;--awb-spacing-right-small:1.92%;--awb-spacing-left-small:1.92%;\"><div class=\"fusion-column-wrapper fusion-column-has-shadow fusion-flex-justify-content-flex-start fusion-content-layout-column\"><div class=\"fusion-text fusion-text-1\"><p>Vous vous sentez d\u00e9pass\u00e9 par le stress, avez des <a href=\"https:\/\/family-therapy.ca\/fr\/conseil\/conseils-conjugaux\/\">difficult\u00e9s dans vos relations<\/a> ou vivez une douleur \u00e9motionnelle difficile \u00e0 supporter? Beaucoup de gens consultent pour mieux comprendre leurs pens\u00e9es, leurs \u00e9motions et leurs comportements. Vous n\u2019avez pas \u00e0 affronter tout cela seul. La th\u00e9rapie peut vous aider \u00e0 traverser les d\u00e9fis de la vie et \u00e0 mieux comprendre vos relations et vous-m\u00eame. Gr\u00e2ce \u00e0 ce processus, vous apprendrez \u00e0 g\u00e9rer des \u00e9motions difficiles, \u00e0 surmonter des traumatismes pass\u00e9s et \u00e0 am\u00e9liorer votre relation avec vous-m\u00eame et avec les autres.<\/p>\n<p>Notre objectif est de vous aider \u00e0 vous sentir plus fort, plus conscient de vous-m\u00eame et mieux outill\u00e9 pour affronter les hauts et les bas de la vie avec r\u00e9silience et confiance. Gr\u00e2ce \u00e0 des soins personnalis\u00e9s et efficaces, nous vous soutiendrons pour que vous puissiez apporter les changements durables dont vous avez besoin afin de vivre la vie que vous d\u00e9sirez.<\/p>\n<\/div><\/div><\/div><div class=\"fusion-layout-column fusion_builder_column fusion-builder-column-2 fusion_builder_column_2_5 2_5 fusion-flex-column fusion-flex-align-self-center\" style=\"--awb-bg-size:cover;--awb-width-large:40%;--awb-margin-top-large:0px;--awb-spacing-right-large:4.8%;--awb-margin-bottom-large:20px;--awb-spacing-left-large:4.8%;--awb-width-medium:40%;--awb-order-medium:0;--awb-spacing-right-medium:4.8%;--awb-spacing-left-medium:4.8%;--awb-width-small:100%;--awb-order-small:0;--awb-spacing-right-small:1.92%;--awb-spacing-left-small:1.92%;\" data-scroll-devices=\"small-visibility,medium-visibility,large-visibility\"><div class=\"fusion-column-wrapper fusion-column-has-shadow fusion-flex-justify-content-center fusion-content-layout-column\"><div class=\"fusion-image-element sm-text-align-center\" style=\"--awb-caption-title-font-family:var(--h2_typography-font-family);--awb-caption-title-font-weight:var(--h2_typography-font-weight);--awb-caption-title-font-style:var(--h2_typography-font-style);--awb-caption-title-size:var(--h2_typography-font-size);--awb-caption-title-transform:var(--h2_typography-text-transform);--awb-caption-title-line-height:var(--h2_typography-line-height);--awb-caption-title-letter-spacing:var(--h2_typography-letter-spacing);\"><span class=\" fusion-imageframe imageframe-none imageframe-1 hover-type-none\" style=\"border-radius:50px;\"><img decoding=\"async\" width=\"556\" height=\"371\" title=\"First (1)\" src=\"https:\/\/family-therapy.ca\/wp-content\/uploads\/2025\/10\/First-1.webp\" alt class=\"img-responsive wp-image-21913\" srcset=\"https:\/\/family-therapy.ca\/wp-content\/uploads\/2025\/10\/First-1-200x133.webp 200w, https:\/\/family-therapy.ca\/wp-content\/uploads\/2025\/10\/First-1-300x200.webp 300w, https:\/\/family-therapy.ca\/wp-content\/uploads\/2025\/10\/First-1-400x267.webp 400w, https:\/\/family-therapy.ca\/wp-content\/uploads\/2025\/10\/First-1.webp 556w\" sizes=\"(max-width: 768px) 100vw, 556px\" \/><\/span><\/div><\/div><\/div><div class=\"fusion-layout-column fusion_builder_column fusion-builder-column-3 fusion_builder_column_1_1 1_1 fusion-flex-column\" style=\"--awb-bg-size:cover;--awb-width-large:100%;--awb-margin-top-large:0px;--awb-spacing-right-large:1.92%;--awb-margin-bottom-large:20px;--awb-spacing-left-large:1.92%;--awb-width-medium:100%;--awb-order-medium:0;--awb-spacing-right-medium:1.92%;--awb-spacing-left-medium:1.92%;--awb-width-small:100%;--awb-order-small:0;--awb-spacing-right-small:1.92%;--awb-spacing-left-small:1.92%;\"><div class=\"fusion-column-wrapper fusion-column-has-shadow fusion-flex-justify-content-flex-start fusion-content-layout-column\"><div style=\"text-align:center;\"><a class=\"fusion-button button-flat fusion-button-default-size button-default fusion-button-default button-1 fusion-button-default-span fusion-button-default-type\" target=\"_self\" href=\"https:\/\/family-therapy.ca\/fr\/contactez-nous\/\"><span class=\"fusion-button-text awb-button__text awb-button__text--default\">contactez-nous pour des services de th\u00e9rapie \u00e0 Ottawa<\/span><\/a><\/div><\/div><\/div><\/div><\/div><div class=\"fusion-fullwidth fullwidth-box fusion-builder-row-2 fusion-flex-container has-pattern-background has-mask-background nonhundred-percent-fullwidth non-hundred-percent-height-scrolling\" style=\"--awb-border-radius-top-left:0px;--awb-border-radius-top-right:0px;--awb-border-radius-bottom-right:0px;--awb-border-radius-bottom-left:0px;--awb-padding-top:70px;--awb-padding-bottom:50px;--awb-flex-wrap:wrap;\" id=\"horizontal_css\" ><div class=\"fusion-builder-row fusion-row fusion-flex-align-items-flex-start fusion-flex-content-wrap\" style=\"max-width:1539.2px;margin-left: calc(-4% \/ 2 );margin-right: calc(-4% \/ 2 );\"><div class=\"fusion-layout-column fusion_builder_column fusion-builder-column-4 fusion_builder_column_1_2 1_2 fusion-flex-column fusion-flex-align-self-center\" style=\"--awb-bg-size:cover;--awb-width-large:50%;--awb-margin-top-large:0px;--awb-spacing-right-large:3.84%;--awb-margin-bottom-large:20px;--awb-spacing-left-large:3.84%;--awb-width-medium:50%;--awb-order-medium:0;--awb-spacing-right-medium:3.84%;--awb-spacing-left-medium:3.84%;--awb-width-small:100%;--awb-order-small:0;--awb-spacing-right-small:1.92%;--awb-spacing-left-small:1.92%;\" data-scroll-devices=\"small-visibility,medium-visibility,large-visibility\"><div class=\"fusion-column-wrapper fusion-column-has-shadow fusion-flex-justify-content-center fusion-content-layout-column\"><div class=\"fusion-image-element md-text-align-center sm-text-align-center\" style=\"text-align:right;--awb-caption-title-font-family:var(--h2_typography-font-family);--awb-caption-title-font-weight:var(--h2_typography-font-weight);--awb-caption-title-font-style:var(--h2_typography-font-style);--awb-caption-title-size:var(--h2_typography-font-size);--awb-caption-title-transform:var(--h2_typography-text-transform);--awb-caption-title-line-height:var(--h2_typography-line-height);--awb-caption-title-letter-spacing:var(--h2_typography-letter-spacing);\"><span class=\" fusion-imageframe imageframe-none imageframe-2 hover-type-none\" style=\"border-radius:50px;\"><img decoding=\"async\" width=\"768\" height=\"551\" title=\"New Project (71) (1)\" src=\"https:\/\/family-therapy.ca\/wp-content\/uploads\/2025\/10\/New-Project-71-1.webp\" alt class=\"img-responsive wp-image-21915\" srcset=\"https:\/\/family-therapy.ca\/wp-content\/uploads\/2025\/10\/New-Project-71-1-200x143.webp 200w, https:\/\/family-therapy.ca\/wp-content\/uploads\/2025\/10\/New-Project-71-1-300x215.webp 300w, https:\/\/family-therapy.ca\/wp-content\/uploads\/2025\/10\/New-Project-71-1-400x287.webp 400w, https:\/\/family-therapy.ca\/wp-content\/uploads\/2025\/10\/New-Project-71-1-600x430.webp 600w, https:\/\/family-therapy.ca\/wp-content\/uploads\/2025\/10\/New-Project-71-1.webp 768w\" sizes=\"(max-width: 768px) 100vw, 768px\" \/><\/span><\/div><\/div><\/div><div class=\"fusion-layout-column fusion_builder_column fusion-builder-column-5 fusion_builder_column_1_2 1_2 fusion-flex-column fusion-flex-align-self-center\" style=\"--awb-bg-size:cover;--awb-width-large:50%;--awb-margin-top-large:0px;--awb-spacing-right-large:3.84%;--awb-margin-bottom-large:20px;--awb-spacing-left-large:3.84%;--awb-width-medium:50%;--awb-order-medium:0;--awb-spacing-right-medium:3.84%;--awb-spacing-left-medium:3.84%;--awb-width-small:100%;--awb-order-small:0;--awb-spacing-right-small:1.92%;--awb-spacing-left-small:1.92%;\" data-scroll-devices=\"small-visibility,medium-visibility,large-visibility\"><div class=\"fusion-column-wrapper fusion-column-has-shadow fusion-flex-justify-content-center fusion-content-layout-column\"><div class=\"fusion-title title fusion-title-2 fusion-sep-none fusion-title-text fusion-title-size-two\"><h2 class=\"fusion-title-heading title-heading-left fusion-responsive-typography-calculated\" style=\"margin:0;--fontSize:54;line-height:1.1;\">Th\u00e9rapie pour adultes personnalis\u00e9e pour votre bien-\u00eatre \u00e9motionnel<\/h2><\/div><div class=\"fusion-text fusion-text-2\"><p>Nous accompagnons les adultes qui se sentent coinc\u00e9s dans des sch\u00e9mas qui nuisent \u00e0 leurs relations, que ce soit avec leur partenaire, leur famille, leurs amis proches ou m\u00eame leurs enfants. Que vous traversiez des p\u00e9riodes de doute, des blessures \u00e9motionnelles non r\u00e9solues ou des dynamiques douloureuses issues du pass\u00e9, la th\u00e9rapie peut vous aider \u00e0 vous reconnecter \u00e0 vous-m\u00eame et aux autres.<\/p>\n<p>Que vous soyez aux prises avec de<a href=\"https:\/\/family-therapy.ca\/fr\/conseil\/gestion-de-la-colere\/\"> la col\u00e8re<\/a>, de<a href=\"https:\/\/family-therapy.ca\/fr\/conseil\/conseils-en-matiere-danxiete\/\"> l\u2019anxi\u00e9t\u00e9<\/a>, de <a href=\"https:\/\/family-therapy.ca\/fr\/conseil\/conseils-pour-la-depression\/\">la d\u00e9pression<\/a>, que vous cherchiez votre voie professionnelle, que vous <a href=\"https:\/\/family-therapy.ca\/fr\/conseil\/conseils-conjugaux\/\">travailliez sur des d\u00e9fis relationnels<\/a> ou que vous essayiez de mieux comprendre qui vous \u00eates, nous travaillerons ensemble pour vous aider \u00e0 aller de l\u2019avant avec clart\u00e9 et d\u00e9termination.<\/p>\n<p>Nos th\u00e9rapeutes peuvent \u00e9laborer un plan de th\u00e9rapie sur mesure qui r\u00e9pond \u00e0 vos besoins. <a href=\"https:\/\/family-therapy.ca\/fr\/prendre-rendez-vous\/\">Prenez rendez-vous<\/a> d\u00e8s aujourd\u2019hui pour entamer votre parcours de gu\u00e9rison.<\/p>\n<\/div><\/div><\/div><\/div><\/div><div class=\"fusion-fullwidth fullwidth-box fusion-builder-row-3 fusion-flex-container has-pattern-background has-mask-background nonhundred-percent-fullwidth non-hundred-percent-height-scrolling\" style=\"--awb-border-radius-top-left:0px;--awb-border-radius-top-right:0px;--awb-border-radius-bottom-right:0px;--awb-border-radius-bottom-left:0px;--awb-padding-top:50px;--awb-padding-bottom:50px;--awb-background-color:#035f9a;--awb-flex-wrap:wrap;\" ><div class=\"fusion-builder-row fusion-row fusion-flex-align-items-flex-start fusion-flex-content-wrap\" style=\"max-width:1539.2px;margin-left: calc(-4% \/ 2 );margin-right: calc(-4% \/ 2 );\"><div class=\"fusion-layout-column fusion_builder_column fusion-builder-column-6 fusion_builder_column_1_1 1_1 fusion-flex-column\" style=\"--awb-bg-size:cover;--awb-width-large:100%;--awb-margin-top-large:0px;--awb-spacing-right-large:1.92%;--awb-margin-bottom-large:20px;--awb-spacing-left-large:1.92%;--awb-width-medium:100%;--awb-order-medium:0;--awb-spacing-right-medium:1.92%;--awb-spacing-left-medium:1.92%;--awb-width-small:100%;--awb-order-small:0;--awb-spacing-right-small:1.92%;--awb-spacing-left-small:1.92%;\"><div class=\"fusion-column-wrapper fusion-column-has-shadow fusion-flex-justify-content-flex-start fusion-content-layout-column\"><div class=\"fusion-title title fusion-title-3 fusion-sep-none fusion-title-center fusion-title-text fusion-title-size-three\" style=\"--awb-text-color:#ffffff;\"><h3 class=\"fusion-title-heading title-heading-center fusion-responsive-typography-calculated\" style=\"margin:0;--fontSize:42;--minFontSize:42;line-height:1.1;\">Faites le premier pas en nous appelant d\u00e8s aujourd\u2019hui. Nos psychoth\u00e9rapeutes d\u00e9vou\u00e9s \u00e0 Ottawa sont pr\u00eats \u00e0 vous aider.<\/h3><\/div><div style=\"text-align:center;\"><a class=\"fusion-button button-flat fusion-button-default-size button-default fusion-button-default button-2 fusion-button-default-span fusion-button-default-type\" target=\"_self\" href=\"https:\/\/family-therapy.ca\/fr\/contactez-nous\/\"><span class=\"fusion-button-text awb-button__text awb-button__text--default\">Contactez-nous d\u00e8s aujourd\u2019hui <\/span><\/a><\/div><\/div><\/div><\/div><\/div>\n<div class=\"fusion-fullwidth fullwidth-box fusion-builder-row-4 fusion-flex-container has-pattern-background has-mask-background nonhundred-percent-fullwidth non-hundred-percent-height-scrolling\" style=\"--awb-border-radius-top-left:0px;--awb-border-radius-top-right:0px;--awb-border-radius-bottom-right:0px;--awb-border-radius-bottom-left:0px;--awb-padding-top:50px;--awb-padding-bottom:50px;--awb-flex-wrap:wrap;\" ><div class=\"fusion-builder-row fusion-row fusion-flex-align-items-flex-start fusion-flex-justify-content-center fusion-flex-content-wrap\" style=\"max-width:1539.2px;margin-left: calc(-4% \/ 2 );margin-right: calc(-4% \/ 2 );\"><div class=\"fusion-layout-column fusion_builder_column fusion-builder-column-7 fusion_builder_column_5_6 5_6 fusion-flex-column\" style=\"--awb-bg-size:cover;--awb-width-large:83.333333333333%;--awb-margin-top-large:0px;--awb-spacing-right-large:2.304%;--awb-margin-bottom-large:20px;--awb-spacing-left-large:2.304%;--awb-width-medium:83.333333333333%;--awb-order-medium:0;--awb-spacing-right-medium:2.304%;--awb-spacing-left-medium:2.304%;--awb-width-small:100%;--awb-order-small:0;--awb-spacing-right-small:1.92%;--awb-spacing-left-small:1.92%;\"><div class=\"fusion-column-wrapper fusion-column-has-shadow fusion-flex-justify-content-flex-start fusion-content-layout-column\"><div class=\"fusion-title title fusion-title-4 fusion-sep-none fusion-title-center fusion-title-text fusion-title-size-two\"><h2 class=\"fusion-title-heading title-heading-center fusion-responsive-typography-calculated\" style=\"margin:0;--fontSize:54;line-height:1.1;\">Th\u00e9rapie confidentielle et empreinte d\u2019empathie<\/h2><\/div><div class=\"fusion-text fusion-text-3\" style=\"--awb-content-alignment:center;\"><p>Les services de counseling familial de Family-Therapy\u2122 \u00e0 Ottawa, Nepean et Kanata ont pour but d\u2019aider les individus et les familles \u00e0 faire face \u00e0 divers d\u00e9fis complexes. Obtenez de l\u2019aide en temps opportun et r\u00e9solvez des situations difficiles en en discutant avec un th\u00e9rapeute professionnel qualifi\u00e9.<\/p>\n<p>Nous travaillons aussi avec des demandeurs d\u2019asile et des membres des Forces arm\u00e9es canadiennes ainsi que leurs familles.<\/p>\n<p>Pour plus d\u2019informations ou pour fixer un rendez-vous, veuillez composer le <a href=\"tel:613-287-3799\">613-287-3799<\/a>\u00a0ou nous \u00e9crire par courriel. M\u00e9decins, th\u00e9rapeutes et avocats peuvent nous envoyer un fax au 1-613-777-4975.<\/p>\n<\/div><\/div><\/div><\/div><\/div><\/p>\n","protected":false},"excerpt":{"rendered":"","protected":false},"author":1,"featured_media":21911,"parent":21383,"menu_order":0,"comment_status":"closed","ping_status":"closed","template":"100-width.php","meta":{"_acf_changed":false,"footnotes":""},"class_list":["post-21712","page","type-page","status-publish","has-post-thumbnail","hentry"],"acf":[],"yoast_head":"<!-- This site is optimized with the Yoast SEO plugin v26.4 - https:\/\/yoast.com\/wordpress\/plugins\/seo\/ -->\n<title>Th\u00e9rapie pour adultes | Commencez votre gu\u00e9rison<\/title>\n<meta name=\"description\" content=\"Notre th\u00e9rapie pour adultes vous aide \u00e0 renforcer votre r\u00e9silience et \u00e0 am\u00e9liorer vos relations. R\u00e9servez votre s\u00e9ance personnalis\u00e9e d\u00e8s aujourd\u2019hui.\" \/>\n<meta name=\"robots\" content=\"index, follow, max-snippet:-1, max-image-preview:large, max-video-preview:-1\" \/>\n<link rel=\"canonical\" href=\"https:\/\/family-therapy.ca\/fr\/conseil\/therapie-pour-adultes\/\" \/>\n<meta property=\"og:locale\" content=\"fr_FR\" \/>\n<meta property=\"og:type\" content=\"article\" \/>\n<meta property=\"og:title\" content=\"Th\u00e9rapie pour adultes | Commencez votre gu\u00e9rison\" \/>\n<meta property=\"og:description\" content=\"Notre th\u00e9rapie pour adultes vous aide \u00e0 renforcer votre r\u00e9silience et \u00e0 am\u00e9liorer vos relations. R\u00e9servez votre s\u00e9ance personnalis\u00e9e d\u00e8s aujourd\u2019hui.\" \/>\n<meta property=\"og:url\" content=\"https:\/\/family-therapy.ca\/fr\/conseil\/therapie-pour-adultes\/\" \/>\n<meta property=\"og:site_name\" content=\"Family-Therapy\u2122\" \/>\n<meta property=\"article:modified_time\" content=\"2025-10-27T10:42:27+00:00\" \/>\n<meta property=\"og:image\" content=\"https:\/\/family-therapy.ca\/wp-content\/uploads\/2025\/10\/banner-6-1.webp\" \/>\n\t<meta property=\"og:image:width\" content=\"710\" \/>\n\t<meta property=\"og:image:height\" content=\"485\" \/>\n\t<meta property=\"og:image:type\" content=\"image\/webp\" \/>\n<meta name=\"twitter:card\" content=\"summary_large_image\" \/>\n<meta name=\"twitter:label1\" content=\"Dur\u00e9e de lecture estim\u00e9e\" \/>\n\t<meta name=\"twitter:data1\" content=\"3 minutes\" \/>\n<script type=\"application\/ld+json\" class=\"yoast-schema-graph\">{\"@context\":\"https:\/\/schema.org\",\"@graph\":[{\"@type\":\"WebPage\",\"@id\":\"https:\/\/family-therapy.ca\/fr\/conseil\/therapie-pour-adultes\/\",\"url\":\"https:\/\/family-therapy.ca\/fr\/conseil\/therapie-pour-adultes\/\",\"name\":\"Th\u00e9rapie pour adultes | Commencez votre gu\u00e9rison\",\"isPartOf\":{\"@id\":\"https:\/\/family-therapy.ca\/fr\/#website\"},\"primaryImageOfPage\":{\"@id\":\"https:\/\/family-therapy.ca\/fr\/conseil\/therapie-pour-adultes\/#primaryimage\"},\"image\":{\"@id\":\"https:\/\/family-therapy.ca\/fr\/conseil\/therapie-pour-adultes\/#primaryimage\"},\"thumbnailUrl\":\"https:\/\/family-therapy.ca\/wp-content\/uploads\/2025\/10\/banner-6-1.webp\",\"datePublished\":\"2025-08-28T10:02:19+00:00\",\"dateModified\":\"2025-10-27T10:42:27+00:00\",\"description\":\"Notre th\u00e9rapie pour adultes vous aide \u00e0 renforcer votre r\u00e9silience et \u00e0 am\u00e9liorer vos relations. R\u00e9servez votre s\u00e9ance personnalis\u00e9e d\u00e8s aujourd\u2019hui.\",\"breadcrumb\":{\"@id\":\"https:\/\/family-therapy.ca\/fr\/conseil\/therapie-pour-adultes\/#breadcrumb\"},\"inLanguage\":\"fr-FR\",\"potentialAction\":[{\"@type\":\"ReadAction\",\"target\":[\"https:\/\/family-therapy.ca\/fr\/conseil\/therapie-pour-adultes\/\"]}]},{\"@type\":\"ImageObject\",\"inLanguage\":\"fr-FR\",\"@id\":\"https:\/\/family-therapy.ca\/fr\/conseil\/therapie-pour-adultes\/#primaryimage\",\"url\":\"https:\/\/family-therapy.ca\/wp-content\/uploads\/2025\/10\/banner-6-1.webp\",\"contentUrl\":\"https:\/\/family-therapy.ca\/wp-content\/uploads\/2025\/10\/banner-6-1.webp\",\"width\":710,\"height\":485},{\"@type\":\"BreadcrumbList\",\"@id\":\"https:\/\/family-therapy.ca\/fr\/conseil\/therapie-pour-adultes\/#breadcrumb\",\"itemListElement\":[{\"@type\":\"ListItem\",\"position\":1,\"name\":\"Home\",\"item\":\"https:\/\/family-therapy.ca\/fr\/\"},{\"@type\":\"ListItem\",\"position\":2,\"name\":\"Conseil\",\"item\":\"https:\/\/family-therapy.ca\/fr\/conseil\/\"},{\"@type\":\"ListItem\",\"position\":3,\"name\":\"Th\u00e9rapie pour adultes\"}]},{\"@type\":\"WebSite\",\"@id\":\"https:\/\/family-therapy.ca\/fr\/#website\",\"url\":\"https:\/\/family-therapy.ca\/fr\/\",\"name\":\"Family-Therapy\u2122\",\"description\":\"\",\"potentialAction\":[{\"@type\":\"SearchAction\",\"target\":{\"@type\":\"EntryPoint\",\"urlTemplate\":\"https:\/\/family-therapy.ca\/fr\/?s={search_term_string}\"},\"query-input\":{\"@type\":\"PropertyValueSpecification\",\"valueRequired\":true,\"valueName\":\"search_term_string\"}}],\"inLanguage\":\"fr-FR\"}]}<\/script>\n<!-- \/ Yoast SEO plugin. -->","yoast_head_json":{"title":"Th\u00e9rapie pour adultes | Commencez votre gu\u00e9rison","description":"Notre th\u00e9rapie pour adultes vous aide \u00e0 renforcer votre r\u00e9silience et \u00e0 am\u00e9liorer vos relations. R\u00e9servez votre s\u00e9ance personnalis\u00e9e d\u00e8s aujourd\u2019hui.","robots":{"index":"index","follow":"follow","max-snippet":"max-snippet:-1","max-image-preview":"max-image-preview:large","max-video-preview":"max-video-preview:-1"},"canonical":"https:\/\/family-therapy.ca\/fr\/conseil\/therapie-pour-adultes\/","og_locale":"fr_FR","og_type":"article","og_title":"Th\u00e9rapie pour adultes | Commencez votre gu\u00e9rison","og_description":"Notre th\u00e9rapie pour adultes vous aide \u00e0 renforcer votre r\u00e9silience et \u00e0 am\u00e9liorer vos relations. R\u00e9servez votre s\u00e9ance personnalis\u00e9e d\u00e8s aujourd\u2019hui.","og_url":"https:\/\/family-therapy.ca\/fr\/conseil\/therapie-pour-adultes\/","og_site_name":"Family-Therapy\u2122","article_modified_time":"2025-10-27T10:42:27+00:00","og_image":[{"width":710,"height":485,"url":"https:\/\/family-therapy.ca\/wp-content\/uploads\/2025\/10\/banner-6-1.webp","type":"image\/webp"}],"twitter_card":"summary_large_image","twitter_misc":{"Dur\u00e9e de lecture estim\u00e9e":"3 minutes"},"schema":{"@context":"https:\/\/schema.org","@graph":[{"@type":"WebPage","@id":"https:\/\/family-therapy.ca\/fr\/conseil\/therapie-pour-adultes\/","url":"https:\/\/family-therapy.ca\/fr\/conseil\/therapie-pour-adultes\/","name":"Th\u00e9rapie pour adultes | Commencez votre gu\u00e9rison","isPartOf":{"@id":"https:\/\/family-therapy.ca\/fr\/#website"},"primaryImageOfPage":{"@id":"https:\/\/family-therapy.ca\/fr\/conseil\/therapie-pour-adultes\/#primaryimage"},"image":{"@id":"https:\/\/family-therapy.ca\/fr\/conseil\/therapie-pour-adultes\/#primaryimage"},"thumbnailUrl":"https:\/\/family-therapy.ca\/wp-content\/uploads\/2025\/10\/banner-6-1.webp","datePublished":"2025-08-28T10:02:19+00:00","dateModified":"2025-10-27T10:42:27+00:00","description":"Notre th\u00e9rapie pour adultes vous aide \u00e0 renforcer votre r\u00e9silience et \u00e0 am\u00e9liorer vos relations. R\u00e9servez votre s\u00e9ance personnalis\u00e9e d\u00e8s aujourd\u2019hui.","breadcrumb":{"@id":"https:\/\/family-therapy.ca\/fr\/conseil\/therapie-pour-adultes\/#breadcrumb"},"inLanguage":"fr-FR","potentialAction":[{"@type":"ReadAction","target":["https:\/\/family-therapy.ca\/fr\/conseil\/therapie-pour-adultes\/"]}]},{"@type":"ImageObject","inLanguage":"fr-FR","@id":"https:\/\/family-therapy.ca\/fr\/conseil\/therapie-pour-adultes\/#primaryimage","url":"https:\/\/family-therapy.ca\/wp-content\/uploads\/2025\/10\/banner-6-1.webp","contentUrl":"https:\/\/family-therapy.ca\/wp-content\/uploads\/2025\/10\/banner-6-1.webp","width":710,"height":485},{"@type":"BreadcrumbList","@id":"https:\/\/family-therapy.ca\/fr\/conseil\/therapie-pour-adultes\/#breadcrumb","itemListElement":[{"@type":"ListItem","position":1,"name":"Home","item":"https:\/\/family-therapy.ca\/fr\/"},{"@type":"ListItem","position":2,"name":"Conseil","item":"https:\/\/family-therapy.ca\/fr\/conseil\/"},{"@type":"ListItem","position":3,"name":"Th\u00e9rapie pour adultes"}]},{"@type":"WebSite","@id":"https:\/\/family-therapy.ca\/fr\/#website","url":"https:\/\/family-therapy.ca\/fr\/","name":"Family-Therapy\u2122","description":"","potentialAction":[{"@type":"SearchAction","target":{"@type":"EntryPoint","urlTemplate":"https:\/\/family-therapy.ca\/fr\/?s={search_term_string}"},"query-input":{"@type":"PropertyValueSpecification","valueRequired":true,"valueName":"search_term_string"}}],"inLanguage":"fr-FR"}]}},"_links":{"self":[{"href":"https:\/\/family-therapy.ca\/fr\/wp-json\/wp\/v2\/pages\/21712","targetHints":{"allow":["GET"]}}],"collection":[{"href":"https:\/\/family-therapy.ca\/fr\/wp-json\/wp\/v2\/pages"}],"about":[{"href":"https:\/\/family-therapy.ca\/fr\/wp-json\/wp\/v2\/types\/page"}],"author":[{"embeddable":true,"href":"https:\/\/family-therapy.ca\/fr\/wp-json\/wp\/v2\/users\/1"}],"replies":[{"embeddable":true,"href":"https:\/\/family-therapy.ca\/fr\/wp-json\/wp\/v2\/comments?post=21712"}],"version-history":[{"count":0,"href":"https:\/\/family-therapy.ca\/fr\/wp-json\/wp\/v2\/pages\/21712\/revisions"}],"up":[{"embeddable":true,"href":"https:\/\/family-therapy.ca\/fr\/wp-json\/wp\/v2\/pages\/21383"}],"wp:featuredmedia":[{"embeddable":true,"href":"https:\/\/family-therapy.ca\/fr\/wp-json\/wp\/v2\/media\/21911"}],"wp:attachment":[{"href":"https:\/\/family-therapy.ca\/fr\/wp-json\/wp\/v2\/media?parent=21712"}],"curies":[{"name":"wp","href":"https:\/\/api.w.org\/{rel}","templated":true}]}}