{"id":21384,"date":"2025-07-21T10:50:35","date_gmt":"2025-07-21T10:50:35","guid":{"rendered":"https:\/\/devfamilythera.wpenginepowered.com\/?page_id=21384"},"modified":"2025-10-27T09:54:56","modified_gmt":"2025-10-27T09:54:56","slug":"conseils-pour-adolescents-et-enfants","status":"publish","type":"page","link":"https:\/\/family-therapy.ca\/fr\/conseil\/conseils-pour-adolescents-et-enfants\/","title":{"rendered":"Conseils pour adolescents et enfants"},"content":{"rendered":"<p><div class=\"fusion-fullwidth fullwidth-box fusion-builder-row-1 fusion-flex-container has-pattern-background has-mask-background nonhundred-percent-fullwidth non-hundred-percent-height-scrolling remove_radius\" style=\"--awb-border-radius-top-left:80px;--awb-border-radius-top-right:80px;--awb-border-radius-bottom-right:80px;--awb-border-radius-bottom-left:80px;--awb-overflow:hidden;--awb-padding-top:50px;--awb-padding-bottom:50px;--awb-margin-bottom:50px;--awb-background-color:#e4eef4;--awb-flex-wrap:wrap;\" ><div class=\"fusion-builder-row fusion-row fusion-flex-align-items-flex-start fusion-flex-justify-content-center fusion-flex-content-wrap\" style=\"max-width:1539.2px;margin-left: calc(-4% \/ 2 );margin-right: calc(-4% \/ 2 );\"><div class=\"fusion-layout-column fusion_builder_column fusion-builder-column-0 fusion_builder_column_3_5 3_5 fusion-flex-column\" style=\"--awb-bg-size:cover;--awb-width-large:60%;--awb-margin-top-large:0px;--awb-spacing-right-large:3.2%;--awb-margin-bottom-large:20px;--awb-spacing-left-large:3.2%;--awb-width-medium:60%;--awb-order-medium:0;--awb-spacing-right-medium:3.2%;--awb-spacing-left-medium:3.2%;--awb-width-small:100%;--awb-order-small:0;--awb-spacing-right-small:1.92%;--awb-spacing-left-small:1.92%;\"><div class=\"fusion-column-wrapper fusion-column-has-shadow fusion-flex-justify-content-flex-start fusion-content-layout-column\"><div class=\"fusion-title title fusion-title-1 fusion-sep-none fusion-title-text fusion-title-size-one\" style=\"--awb-margin-top-small:10px;--awb-margin-right-small:0px;--awb-margin-bottom-small:10px;--awb-margin-left-small:0px;\"><h1 class=\"fusion-title-heading title-heading-left sm-text-align-center fusion-responsive-typography-calculated\" style=\"margin:0;--fontSize:64;line-height:1.1;\">Services de consultation pour adolescents et enfants<\/h1><\/div><div class=\"fusion-text fusion-text-1\"><p>L\u2019adolescence est une p\u00e9riode de transition marqu\u00e9e par des changements physiques, \u00e9motionnels, intellectuels et sociaux. La plupart des adolescents traversent ces ann\u00e9es sans trop de difficult\u00e9s, mais certains peuvent adopter des comportements \u00e0 risque qui peuvent avoir des cons\u00e9quences n\u00e9gatives \u00e0 long terme sur leur bien-\u00eatre \u00e9motionnel, physique et social.<\/p>\n<p>Ici \u00e0 Ottawa, chez Family-Therapy\u2122, nos th\u00e9rapeutes qualifi\u00e9s pour adolescents et jeunes peuvent offrir \u00e0 vous, \u00e0 votre adolescent et \u00e0 votre famille des services de consultation pour vous aider \u00e0 traverser ces ann\u00e9es souvent turbulentes.<\/p>\n<p>Notre conseiller exp\u00e9riment\u00e9 \u00e0 Ottawa est sp\u00e9cialis\u00e9 dans l\u2019accompagnement des adolescents et des jeunes face \u00e0 leurs d\u00e9fis uniques.<\/p>\n<p>Parler avec un th\u00e9rapeute qualifi\u00e9 peut vous aider, vous, vos enfants, vos relations et votre famille.<\/p>\n<\/div><div class=\"sm-text-align-center\"><a class=\"fusion-button button-flat fusion-button-default-size button-default fusion-button-default button-1 fusion-button-default-span fusion-button-default-type\" style=\"--button_margin-top:20px;\" target=\"_self\" href=\"https:\/\/family-therapy.ca\/fr\/contactez-nous\/\"><span class=\"fusion-button-text awb-button__text awb-button__text--default\">Contactez-nous pour des services de consultation \u00e0 Ottawa <\/span><\/a><\/div><\/div><\/div><div class=\"fusion-layout-column fusion_builder_column fusion-builder-column-1 fusion_builder_column_2_5 2_5 fusion-flex-column fusion-flex-align-self-center\" style=\"--awb-bg-size:cover;--awb-width-large:40%;--awb-margin-top-large:0px;--awb-spacing-right-large:4.8%;--awb-margin-bottom-large:20px;--awb-spacing-left-large:4.8%;--awb-width-medium:40%;--awb-order-medium:0;--awb-spacing-right-medium:4.8%;--awb-spacing-left-medium:4.8%;--awb-width-small:100%;--awb-order-small:0;--awb-spacing-right-small:1.92%;--awb-spacing-left-small:1.92%;\" data-scroll-devices=\"small-visibility,medium-visibility,large-visibility\"><div class=\"fusion-column-wrapper fusion-column-has-shadow fusion-flex-justify-content-center fusion-content-layout-column\"><div class=\"fusion-image-element sm-text-align-center\" style=\"--awb-caption-title-font-family:var(--h2_typography-font-family);--awb-caption-title-font-weight:var(--h2_typography-font-weight);--awb-caption-title-font-style:var(--h2_typography-font-style);--awb-caption-title-size:var(--h2_typography-font-size);--awb-caption-title-transform:var(--h2_typography-text-transform);--awb-caption-title-line-height:var(--h2_typography-line-height);--awb-caption-title-letter-spacing:var(--h2_typography-letter-spacing);\"><span class=\" fusion-imageframe imageframe-none imageframe-1 hover-type-none\" style=\"border-radius:50px;\"><img decoding=\"async\" width=\"556\" height=\"371\" title=\"New Project (66) (1)\" src=\"https:\/\/family-therapy.ca\/wp-content\/uploads\/2025\/10\/New-Project-66-1.webp\" alt class=\"img-responsive wp-image-21893\" srcset=\"https:\/\/family-therapy.ca\/wp-content\/uploads\/2025\/10\/New-Project-66-1-200x133.webp 200w, https:\/\/family-therapy.ca\/wp-content\/uploads\/2025\/10\/New-Project-66-1-400x267.webp 400w, https:\/\/family-therapy.ca\/wp-content\/uploads\/2025\/10\/New-Project-66-1.webp 556w\" sizes=\"(max-width: 768px) 100vw, 556px\" \/><\/span><\/div><\/div><\/div><\/div><\/div><div class=\"fusion-fullwidth fullwidth-box fusion-builder-row-2 fusion-flex-container has-pattern-background has-mask-background nonhundred-percent-fullwidth non-hundred-percent-height-scrolling\" style=\"--awb-border-radius-top-left:0px;--awb-border-radius-top-right:0px;--awb-border-radius-bottom-right:0px;--awb-border-radius-bottom-left:0px;--awb-padding-top:70px;--awb-padding-bottom:50px;--awb-flex-wrap:wrap;\" id=\"horizontal_css\" ><div class=\"fusion-builder-row fusion-row fusion-flex-align-items-flex-start fusion-flex-content-wrap\" style=\"max-width:1539.2px;margin-left: calc(-4% \/ 2 );margin-right: calc(-4% \/ 2 );\"><div class=\"fusion-layout-column fusion_builder_column fusion-builder-column-2 fusion_builder_column_1_2 1_2 fusion-flex-column\" style=\"--awb-bg-size:cover;--awb-width-large:50%;--awb-margin-top-large:0px;--awb-spacing-right-large:3.84%;--awb-margin-bottom-large:20px;--awb-spacing-left-large:3.84%;--awb-width-medium:50%;--awb-order-medium:0;--awb-spacing-right-medium:3.84%;--awb-spacing-left-medium:3.84%;--awb-width-small:100%;--awb-order-small:0;--awb-spacing-right-small:1.92%;--awb-spacing-left-small:1.92%;\"><div class=\"fusion-column-wrapper fusion-column-has-shadow fusion-flex-justify-content-flex-start fusion-content-layout-column\"><div class=\"fusion-image-element md-text-align-center sm-text-align-center\" style=\"text-align:right;--awb-caption-title-font-family:var(--h2_typography-font-family);--awb-caption-title-font-weight:var(--h2_typography-font-weight);--awb-caption-title-font-style:var(--h2_typography-font-style);--awb-caption-title-size:var(--h2_typography-font-size);--awb-caption-title-transform:var(--h2_typography-text-transform);--awb-caption-title-line-height:var(--h2_typography-line-height);--awb-caption-title-letter-spacing:var(--h2_typography-letter-spacing);\"><span class=\" fusion-imageframe imageframe-none imageframe-2 hover-type-none\" style=\"border-radius:50px;\"><img decoding=\"async\" width=\"768\" height=\"551\" title=\"New Project (67) (1)\" src=\"https:\/\/family-therapy.ca\/wp-content\/uploads\/2025\/10\/New-Project-67-1.webp\" alt class=\"img-responsive wp-image-21895\" srcset=\"https:\/\/family-therapy.ca\/wp-content\/uploads\/2025\/10\/New-Project-67-1-200x143.webp 200w, https:\/\/family-therapy.ca\/wp-content\/uploads\/2025\/10\/New-Project-67-1-400x287.webp 400w, https:\/\/family-therapy.ca\/wp-content\/uploads\/2025\/10\/New-Project-67-1-600x430.webp 600w, https:\/\/family-therapy.ca\/wp-content\/uploads\/2025\/10\/New-Project-67-1.webp 768w\" sizes=\"(max-width: 768px) 100vw, 768px\" \/><\/span><\/div><\/div><\/div><div class=\"fusion-layout-column fusion_builder_column fusion-builder-column-3 fusion_builder_column_1_2 1_2 fusion-flex-column fusion-flex-align-self-center\" style=\"--awb-bg-size:cover;--awb-width-large:50%;--awb-margin-top-large:0px;--awb-spacing-right-large:3.84%;--awb-margin-bottom-large:20px;--awb-spacing-left-large:3.84%;--awb-width-medium:50%;--awb-order-medium:0;--awb-spacing-right-medium:3.84%;--awb-spacing-left-medium:3.84%;--awb-width-small:100%;--awb-order-small:0;--awb-spacing-right-small:1.92%;--awb-spacing-left-small:1.92%;\" data-scroll-devices=\"small-visibility,medium-visibility,large-visibility\"><div class=\"fusion-column-wrapper fusion-column-has-shadow fusion-flex-justify-content-center fusion-content-layout-column\"><div class=\"fusion-text fusion-text-2\"><p>Nos s\u00e9ances de consultation s\u2019appuient sur une vari\u00e9t\u00e9 de livres et de ressources pour soutenir la sant\u00e9 mentale des adolescents et des jeunes.<\/p>\n<p>Nous comprenons combien il peut \u00eatre \u00e9prouvant de se sentir comme le seul parent en difficult\u00e9 avec un adolescent. Chez Family-Therapy\u2122, nous savons que les parents ne peuvent pas tout faire pour leurs adolescents en tout temps.<\/p>\n<p>Nous comprenons qu\u2019il est impossible de tout savoir sur la d\u00e9pression chez les adolescents, les probl\u00e8mes d\u2019estime de soi, l\u2019automutilation, les abus, le deuil apr\u00e8s un divorce, les familles recompos\u00e9es, les probl\u00e8mes scolaires ou encore la culture adolescente en constante \u00e9volution.<\/p>\n<p>Nous sommes ici pour soutenir les parents et leurs adolescents avec des th\u00e9rapeutes jeunesse qualifi\u00e9s.<\/p>\n<\/div><\/div><\/div><\/div><\/div><div class=\"fusion-fullwidth fullwidth-box fusion-builder-row-3 fusion-flex-container has-pattern-background has-mask-background nonhundred-percent-fullwidth non-hundred-percent-height-scrolling\" style=\"--awb-border-radius-top-left:0px;--awb-border-radius-top-right:0px;--awb-border-radius-bottom-right:0px;--awb-border-radius-bottom-left:0px;--awb-padding-top:50px;--awb-padding-bottom:50px;--awb-flex-wrap:wrap;\" ><div class=\"fusion-builder-row fusion-row fusion-flex-align-items-flex-start fusion-flex-justify-content-center fusion-flex-content-wrap\" style=\"max-width:1539.2px;margin-left: calc(-4% \/ 2 );margin-right: calc(-4% \/ 2 );\"><div class=\"fusion-layout-column fusion_builder_column fusion-builder-column-4 fusion_builder_column_5_6 5_6 fusion-flex-column\" style=\"--awb-bg-size:cover;--awb-width-large:83.333333333333%;--awb-margin-top-large:0px;--awb-spacing-right-large:2.304%;--awb-margin-bottom-large:20px;--awb-spacing-left-large:2.304%;--awb-width-medium:83.333333333333%;--awb-order-medium:0;--awb-spacing-right-medium:2.304%;--awb-spacing-left-medium:2.304%;--awb-width-small:100%;--awb-order-small:0;--awb-spacing-right-small:1.92%;--awb-spacing-left-small:1.92%;\"><div class=\"fusion-column-wrapper fusion-column-has-shadow fusion-flex-justify-content-flex-start fusion-content-layout-column\"><div class=\"fusion-title title fusion-title-2 fusion-sep-none fusion-title-center fusion-title-text fusion-title-size-two\" style=\"--awb-margin-top-small:10px;--awb-margin-right-small:0px;--awb-margin-bottom-small:10px;--awb-margin-left-small:0px;\"><h2 class=\"fusion-title-heading title-heading-center fusion-responsive-typography-calculated\" style=\"margin:0;--fontSize:54;line-height:1.1;\">Soutien pour vous et votre adolescent<\/h2><\/div><div class=\"fusion-text fusion-text-3\" style=\"--awb-content-alignment:center;\"><p>Nous vivons dans une soci\u00e9t\u00e9 en \u00e9volution rapide, et les r\u00e8gles de l\u2019adolescence ont chang\u00e9 depuis que vous \u00e9tiez adolescent, et m\u00eame depuis que votre a\u00een\u00e9 l\u2019\u00e9tait.<\/p>\n<p>Quand votre adolescent fait face \u00e0 de la col\u00e8re, de l\u2019isolement, des difficult\u00e9s relationnelles, de la d\u00e9pression, de l\u2019anxi\u00e9t\u00e9 ou des \u00e9checs scolaires, il a besoin d\u2019aide. Si vous n\u2019\u00eates pas certain que votre adolescent ait besoin de soutien, demandez \u00e0 nos th\u00e9rapeutes qualifi\u00e9s.<\/p>\n<p>Family-Therapy\u2122 est l\u00e0 pour vous aider, vous, votre adolescent et votre famille \u00e0 traverser ensemble cette p\u00e9riode.<\/p>\n<p>\u00c0 Kanata, appelez Family-Therapy\u2122 d\u00e8s aujourd\u2019hui au 613-287-3799. Nous travaillons avec des adolescents de tous \u00e2ges.<\/p>\n<\/div><\/div><\/div><\/div><\/div><div class=\"fusion-fullwidth fullwidth-box fusion-builder-row-4 fusion-flex-container has-pattern-background has-mask-background nonhundred-percent-fullwidth non-hundred-percent-height-scrolling\" style=\"--awb-border-radius-top-left:0px;--awb-border-radius-top-right:0px;--awb-border-radius-bottom-right:0px;--awb-border-radius-bottom-left:0px;--awb-padding-top:50px;--awb-padding-bottom:50px;--awb-background-color:#035f9a;--awb-flex-wrap:wrap;\" ><div class=\"fusion-builder-row fusion-row fusion-flex-align-items-flex-start fusion-flex-content-wrap\" style=\"max-width:1539.2px;margin-left: calc(-4% \/ 2 );margin-right: calc(-4% \/ 2 );\"><div class=\"fusion-layout-column fusion_builder_column fusion-builder-column-5 fusion_builder_column_1_1 1_1 fusion-flex-column\" style=\"--awb-bg-size:cover;--awb-width-large:100%;--awb-margin-top-large:0px;--awb-spacing-right-large:1.92%;--awb-margin-bottom-large:20px;--awb-spacing-left-large:1.92%;--awb-width-medium:100%;--awb-order-medium:0;--awb-spacing-right-medium:1.92%;--awb-spacing-left-medium:1.92%;--awb-width-small:100%;--awb-order-small:0;--awb-spacing-right-small:1.92%;--awb-spacing-left-small:1.92%;\"><div class=\"fusion-column-wrapper fusion-column-has-shadow fusion-flex-justify-content-flex-start fusion-content-layout-column\"><div class=\"fusion-title title fusion-title-3 fusion-sep-none fusion-title-center fusion-title-text fusion-title-size-three\" style=\"--awb-text-color:#ffffff;--awb-margin-top-small:10px;--awb-margin-right-small:0px;--awb-margin-bottom-small:10px;--awb-margin-left-small:0px;\"><h3 class=\"fusion-title-heading title-heading-center fusion-responsive-typography-calculated\" style=\"margin:0;--fontSize:42;--minFontSize:42;line-height:1.1;\">Prenez la premi\u00e8re \u00e9tape en nous appelant d\u00e8s aujourd\u2019hui. Nos psychoth\u00e9rapeutes d\u00e9vou\u00e9s \u00e0 Ottawa souhaitent vous aider.<\/h3><\/div><div style=\"text-align:center;\"><a class=\"fusion-button button-flat fusion-button-default-size button-default fusion-button-default button-2 fusion-button-default-span fusion-button-default-type\" target=\"_self\" href=\"https:\/\/family-therapy.ca\/fr\/contactez-nous\/\"><span class=\"fusion-button-text awb-button__text awb-button__text--default\">Contactez-nous d\u00e8s aujourd\u2019hui <\/span><\/a><\/div><\/div><\/div><\/div><\/div><div class=\"fusion-fullwidth fullwidth-box fusion-builder-row-5 fusion-flex-container has-pattern-background has-mask-background nonhundred-percent-fullwidth non-hundred-percent-height-scrolling\" style=\"--awb-border-radius-top-left:0px;--awb-border-radius-top-right:0px;--awb-border-radius-bottom-right:0px;--awb-border-radius-bottom-left:0px;--awb-padding-top:50px;--awb-padding-bottom:50px;--awb-flex-wrap:wrap;\" ><div class=\"fusion-builder-row fusion-row fusion-flex-align-items-flex-start fusion-flex-justify-content-center fusion-flex-content-wrap\" style=\"max-width:1539.2px;margin-left: calc(-4% \/ 2 );margin-right: calc(-4% \/ 2 );\"><div class=\"fusion-layout-column fusion_builder_column fusion-builder-column-6 fusion_builder_column_5_6 5_6 fusion-flex-column\" style=\"--awb-bg-size:cover;--awb-width-large:83.333333333333%;--awb-margin-top-large:0px;--awb-spacing-right-large:2.304%;--awb-margin-bottom-large:20px;--awb-spacing-left-large:2.304%;--awb-width-medium:83.333333333333%;--awb-order-medium:0;--awb-spacing-right-medium:2.304%;--awb-spacing-left-medium:2.304%;--awb-width-small:100%;--awb-order-small:0;--awb-spacing-right-small:1.92%;--awb-spacing-left-small:1.92%;\"><div class=\"fusion-column-wrapper fusion-column-has-shadow fusion-flex-justify-content-flex-start fusion-content-layout-column\"><div class=\"fusion-title title fusion-title-4 fusion-sep-none fusion-title-center fusion-title-text fusion-title-size-two\" style=\"--awb-margin-top-small:10px;--awb-margin-right-small:0px;--awb-margin-bottom-small:10px;--awb-margin-left-small:0px;\"><h2 class=\"fusion-title-heading title-heading-center fusion-responsive-typography-calculated\" style=\"margin:0;--fontSize:54;line-height:1.1;\">Consultation confidentielle et empathique<\/h2><\/div><div class=\"fusion-text fusion-text-4\" style=\"--awb-content-alignment:center;\"><p>Les services de consultation familiale de Family-Therapy\u2122 \u00e0 Ottawa, Nepean et Kanata visent \u00e0 aider les familles \u00e0 faire face \u00e0 une grande vari\u00e9t\u00e9 de d\u00e9fis complexes. Obtenez de l\u2019aide en temps opportun et surmontez des situations difficiles en en discutant avec un th\u00e9rapeute professionnel form\u00e9.<\/p>\n<p>Nous travaillons avec les demandeurs d\u2019asile et les membres des Forces arm\u00e9es canadiennes ainsi que leurs familles.<\/p>\n<p>Pour plus d\u2019informations ou pour fixer un rendez-vous, veuillez composer le <a href=\"tel:613-287-3799\">613-287-3799<\/a> ou nous \u00e9crire par courriel. M\u00e9decins, th\u00e9rapeutes et avocats peuvent nous envoyer un fax au 1-613-777-4975.<\/p>\n<\/div><\/div><\/div><\/div><\/div><\/p>\n","protected":false},"excerpt":{"rendered":"","protected":false},"author":1,"featured_media":21891,"parent":21383,"menu_order":12,"comment_status":"closed","ping_status":"closed","template":"100-width.php","meta":{"_acf_changed":false,"footnotes":""},"class_list":["post-21384","page","type-page","status-publish","has-post-thumbnail","hentry"],"acf":[],"yoast_head":"<!-- This site is optimized with the Yoast SEO plugin v27.3 - https:\/\/yoast.com\/product\/yoast-seo-wordpress\/ -->\n<title>Conseils pour adolescents et enfants - Family-Therapy\u2122<\/title>\n<meta name=\"robots\" content=\"index, follow, max-snippet:-1, max-image-preview:large, max-video-preview:-1\" \/>\n<link rel=\"canonical\" href=\"https:\/\/family-therapy.ca\/fr\/conseil\/conseils-pour-adolescents-et-enfants\/\" \/>\n<meta property=\"og:locale\" content=\"fr_FR\" \/>\n<meta property=\"og:type\" content=\"article\" \/>\n<meta property=\"og:title\" content=\"Conseils pour adolescents et enfants - Family-Therapy\u2122\" \/>\n<meta property=\"og:url\" content=\"https:\/\/family-therapy.ca\/fr\/conseil\/conseils-pour-adolescents-et-enfants\/\" \/>\n<meta property=\"og:site_name\" content=\"Family-Therapy\u2122\" \/>\n<meta property=\"article:modified_time\" content=\"2025-10-27T09:54:56+00:00\" \/>\n<meta property=\"og:image\" content=\"https:\/\/family-therapy.ca\/wp-content\/uploads\/2025\/10\/New-Project-65-1.webp\" \/>\n\t<meta property=\"og:image:width\" content=\"710\" \/>\n\t<meta property=\"og:image:height\" content=\"675\" \/>\n\t<meta property=\"og:image:type\" content=\"image\/webp\" \/>\n<meta name=\"twitter:card\" content=\"summary_large_image\" \/>\n<meta name=\"twitter:label1\" content=\"Dur\u00e9e de lecture estim\u00e9e\" \/>\n\t<meta name=\"twitter:data1\" content=\"3 minutes\" \/>\n<script type=\"application\/ld+json\" class=\"yoast-schema-graph\">{\"@context\":\"https:\\\/\\\/schema.org\",\"@graph\":[{\"@type\":\"WebPage\",\"@id\":\"https:\\\/\\\/family-therapy.ca\\\/fr\\\/conseil\\\/conseils-pour-adolescents-et-enfants\\\/\",\"url\":\"https:\\\/\\\/family-therapy.ca\\\/fr\\\/conseil\\\/conseils-pour-adolescents-et-enfants\\\/\",\"name\":\"Conseils pour adolescents et enfants - Family-Therapy\u2122\",\"isPartOf\":{\"@id\":\"https:\\\/\\\/family-therapy.ca\\\/fr\\\/#website\"},\"primaryImageOfPage\":{\"@id\":\"https:\\\/\\\/family-therapy.ca\\\/fr\\\/conseil\\\/conseils-pour-adolescents-et-enfants\\\/#primaryimage\"},\"image\":{\"@id\":\"https:\\\/\\\/family-therapy.ca\\\/fr\\\/conseil\\\/conseils-pour-adolescents-et-enfants\\\/#primaryimage\"},\"thumbnailUrl\":\"https:\\\/\\\/family-therapy.ca\\\/wp-content\\\/uploads\\\/2025\\\/10\\\/New-Project-65-1.webp\",\"datePublished\":\"2025-07-21T10:50:35+00:00\",\"dateModified\":\"2025-10-27T09:54:56+00:00\",\"breadcrumb\":{\"@id\":\"https:\\\/\\\/family-therapy.ca\\\/fr\\\/conseil\\\/conseils-pour-adolescents-et-enfants\\\/#breadcrumb\"},\"inLanguage\":\"fr-FR\",\"potentialAction\":[{\"@type\":\"ReadAction\",\"target\":[\"https:\\\/\\\/family-therapy.ca\\\/fr\\\/conseil\\\/conseils-pour-adolescents-et-enfants\\\/\"]}]},{\"@type\":\"ImageObject\",\"inLanguage\":\"fr-FR\",\"@id\":\"https:\\\/\\\/family-therapy.ca\\\/fr\\\/conseil\\\/conseils-pour-adolescents-et-enfants\\\/#primaryimage\",\"url\":\"https:\\\/\\\/family-therapy.ca\\\/wp-content\\\/uploads\\\/2025\\\/10\\\/New-Project-65-1.webp\",\"contentUrl\":\"https:\\\/\\\/family-therapy.ca\\\/wp-content\\\/uploads\\\/2025\\\/10\\\/New-Project-65-1.webp\",\"width\":710,\"height\":675},{\"@type\":\"BreadcrumbList\",\"@id\":\"https:\\\/\\\/family-therapy.ca\\\/fr\\\/conseil\\\/conseils-pour-adolescents-et-enfants\\\/#breadcrumb\",\"itemListElement\":[{\"@type\":\"ListItem\",\"position\":1,\"name\":\"Home\",\"item\":\"https:\\\/\\\/family-therapy.ca\\\/fr\\\/\"},{\"@type\":\"ListItem\",\"position\":2,\"name\":\"Conseil\",\"item\":\"https:\\\/\\\/family-therapy.ca\\\/fr\\\/conseil\\\/\"},{\"@type\":\"ListItem\",\"position\":3,\"name\":\"Conseils pour adolescents et enfants\"}]},{\"@type\":\"WebSite\",\"@id\":\"https:\\\/\\\/family-therapy.ca\\\/fr\\\/#website\",\"url\":\"https:\\\/\\\/family-therapy.ca\\\/fr\\\/\",\"name\":\"Family-Therapy\u2122\",\"description\":\"\",\"potentialAction\":[{\"@type\":\"SearchAction\",\"target\":{\"@type\":\"EntryPoint\",\"urlTemplate\":\"https:\\\/\\\/family-therapy.ca\\\/fr\\\/?s={search_term_string}\"},\"query-input\":{\"@type\":\"PropertyValueSpecification\",\"valueRequired\":true,\"valueName\":\"search_term_string\"}}],\"inLanguage\":\"fr-FR\"}]}<\/script>\n<!-- \/ Yoast SEO plugin. -->","yoast_head_json":{"title":"Conseils pour adolescents et enfants - Family-Therapy\u2122","robots":{"index":"index","follow":"follow","max-snippet":"max-snippet:-1","max-image-preview":"max-image-preview:large","max-video-preview":"max-video-preview:-1"},"canonical":"https:\/\/family-therapy.ca\/fr\/conseil\/conseils-pour-adolescents-et-enfants\/","og_locale":"fr_FR","og_type":"article","og_title":"Conseils pour adolescents et enfants - Family-Therapy\u2122","og_url":"https:\/\/family-therapy.ca\/fr\/conseil\/conseils-pour-adolescents-et-enfants\/","og_site_name":"Family-Therapy\u2122","article_modified_time":"2025-10-27T09:54:56+00:00","og_image":[{"width":710,"height":675,"url":"https:\/\/family-therapy.ca\/wp-content\/uploads\/2025\/10\/New-Project-65-1.webp","type":"image\/webp"}],"twitter_card":"summary_large_image","twitter_misc":{"Dur\u00e9e de lecture estim\u00e9e":"3 minutes"},"schema":{"@context":"https:\/\/schema.org","@graph":[{"@type":"WebPage","@id":"https:\/\/family-therapy.ca\/fr\/conseil\/conseils-pour-adolescents-et-enfants\/","url":"https:\/\/family-therapy.ca\/fr\/conseil\/conseils-pour-adolescents-et-enfants\/","name":"Conseils pour adolescents et enfants - Family-Therapy\u2122","isPartOf":{"@id":"https:\/\/family-therapy.ca\/fr\/#website"},"primaryImageOfPage":{"@id":"https:\/\/family-therapy.ca\/fr\/conseil\/conseils-pour-adolescents-et-enfants\/#primaryimage"},"image":{"@id":"https:\/\/family-therapy.ca\/fr\/conseil\/conseils-pour-adolescents-et-enfants\/#primaryimage"},"thumbnailUrl":"https:\/\/family-therapy.ca\/wp-content\/uploads\/2025\/10\/New-Project-65-1.webp","datePublished":"2025-07-21T10:50:35+00:00","dateModified":"2025-10-27T09:54:56+00:00","breadcrumb":{"@id":"https:\/\/family-therapy.ca\/fr\/conseil\/conseils-pour-adolescents-et-enfants\/#breadcrumb"},"inLanguage":"fr-FR","potentialAction":[{"@type":"ReadAction","target":["https:\/\/family-therapy.ca\/fr\/conseil\/conseils-pour-adolescents-et-enfants\/"]}]},{"@type":"ImageObject","inLanguage":"fr-FR","@id":"https:\/\/family-therapy.ca\/fr\/conseil\/conseils-pour-adolescents-et-enfants\/#primaryimage","url":"https:\/\/family-therapy.ca\/wp-content\/uploads\/2025\/10\/New-Project-65-1.webp","contentUrl":"https:\/\/family-therapy.ca\/wp-content\/uploads\/2025\/10\/New-Project-65-1.webp","width":710,"height":675},{"@type":"BreadcrumbList","@id":"https:\/\/family-therapy.ca\/fr\/conseil\/conseils-pour-adolescents-et-enfants\/#breadcrumb","itemListElement":[{"@type":"ListItem","position":1,"name":"Home","item":"https:\/\/family-therapy.ca\/fr\/"},{"@type":"ListItem","position":2,"name":"Conseil","item":"https:\/\/family-therapy.ca\/fr\/conseil\/"},{"@type":"ListItem","position":3,"name":"Conseils pour adolescents et enfants"}]},{"@type":"WebSite","@id":"https:\/\/family-therapy.ca\/fr\/#website","url":"https:\/\/family-therapy.ca\/fr\/","name":"Family-Therapy\u2122","description":"","potentialAction":[{"@type":"SearchAction","target":{"@type":"EntryPoint","urlTemplate":"https:\/\/family-therapy.ca\/fr\/?s={search_term_string}"},"query-input":{"@type":"PropertyValueSpecification","valueRequired":true,"valueName":"search_term_string"}}],"inLanguage":"fr-FR"}]}},"_links":{"self":[{"href":"https:\/\/family-therapy.ca\/fr\/wp-json\/wp\/v2\/pages\/21384","targetHints":{"allow":["GET"]}}],"collection":[{"href":"https:\/\/family-therapy.ca\/fr\/wp-json\/wp\/v2\/pages"}],"about":[{"href":"https:\/\/family-therapy.ca\/fr\/wp-json\/wp\/v2\/types\/page"}],"author":[{"embeddable":true,"href":"https:\/\/family-therapy.ca\/fr\/wp-json\/wp\/v2\/users\/1"}],"replies":[{"embeddable":true,"href":"https:\/\/family-therapy.ca\/fr\/wp-json\/wp\/v2\/comments?post=21384"}],"version-history":[{"count":0,"href":"https:\/\/family-therapy.ca\/fr\/wp-json\/wp\/v2\/pages\/21384\/revisions"}],"up":[{"embeddable":true,"href":"https:\/\/family-therapy.ca\/fr\/wp-json\/wp\/v2\/pages\/21383"}],"wp:featuredmedia":[{"embeddable":true,"href":"https:\/\/family-therapy.ca\/fr\/wp-json\/wp\/v2\/media\/21891"}],"wp:attachment":[{"href":"https:\/\/family-therapy.ca\/fr\/wp-json\/wp\/v2\/media?parent=21384"}],"curies":[{"name":"wp","href":"https:\/\/api.w.org\/{rel}","templated":true}]}}