{"id":21243,"date":"2025-07-21T10:51:31","date_gmt":"2025-07-21T10:51:31","guid":{"rendered":"https:\/\/devfamilythera.wpenginepowered.com\/?page_id=21243"},"modified":"2025-10-27T10:29:21","modified_gmt":"2025-10-27T10:29:21","slug":"conseils-lgbtq","status":"publish","type":"page","link":"https:\/\/family-therapy.ca\/fr\/conseil\/conseils-lgbtq\/","title":{"rendered":"Conseils LGBTQ"},"content":{"rendered":"<p><div class=\"fusion-fullwidth fullwidth-box fusion-builder-row-1 fusion-flex-container has-pattern-background has-mask-background nonhundred-percent-fullwidth non-hundred-percent-height-scrolling remove_radius\" style=\"--awb-border-radius-top-left:80px;--awb-border-radius-top-right:80px;--awb-border-radius-bottom-right:80px;--awb-border-radius-bottom-left:80px;--awb-overflow:hidden;--awb-padding-top:50px;--awb-padding-bottom:50px;--awb-margin-bottom:50px;--awb-background-color:#e4eef4;--awb-flex-wrap:wrap;\" ><div class=\"fusion-builder-row fusion-row fusion-flex-align-items-flex-start fusion-flex-justify-content-center fusion-flex-content-wrap\" style=\"max-width:1539.2px;margin-left: calc(-4% \/ 2 );margin-right: calc(-4% \/ 2 );\"><div class=\"fusion-layout-column fusion_builder_column fusion-builder-column-0 fusion_builder_column_1_1 1_1 fusion-flex-column\" style=\"--awb-bg-size:cover;--awb-width-large:100%;--awb-margin-top-large:0px;--awb-spacing-right-large:1.92%;--awb-margin-bottom-large:20px;--awb-spacing-left-large:1.92%;--awb-width-medium:100%;--awb-order-medium:0;--awb-spacing-right-medium:1.92%;--awb-spacing-left-medium:1.92%;--awb-width-small:100%;--awb-order-small:0;--awb-spacing-right-small:1.92%;--awb-spacing-left-small:1.92%;\"><div class=\"fusion-column-wrapper fusion-column-has-shadow fusion-flex-justify-content-flex-start fusion-content-layout-column\"><div class=\"fusion-title title fusion-title-1 fusion-sep-none fusion-title-center fusion-title-text fusion-title-size-one\" style=\"--awb-margin-top-small:10px;--awb-margin-right-small:0px;--awb-margin-bottom-small:10px;--awb-margin-left-small:0px;\"><h1 class=\"fusion-title-heading title-heading-center fusion-responsive-typography-calculated\" style=\"margin:0;--fontSize:64;line-height:1.1;\">Th\u00e9rapie de soutien pour les personnes LGBTQ+<\/h1><\/div><\/div><\/div><div class=\"fusion-layout-column fusion_builder_column fusion-builder-column-1 fusion_builder_column_3_5 3_5 fusion-flex-column\" style=\"--awb-bg-size:cover;--awb-width-large:60%;--awb-margin-top-large:0px;--awb-spacing-right-large:3.2%;--awb-margin-bottom-large:20px;--awb-spacing-left-large:3.2%;--awb-width-medium:60%;--awb-order-medium:0;--awb-spacing-right-medium:3.2%;--awb-spacing-left-medium:3.2%;--awb-width-small:100%;--awb-order-small:0;--awb-spacing-right-small:1.92%;--awb-spacing-left-small:1.92%;\"><div class=\"fusion-column-wrapper fusion-column-has-shadow fusion-flex-justify-content-flex-start fusion-content-layout-column\"><div class=\"fusion-text fusion-text-1\"><p>Les questions li\u00e9es \u00e0 l\u2019orientation sexuelle et \u00e0 l\u2019identit\u00e9 de genre peuvent affecter les individus ou les couples, leurs enfants, leurs parents et leurs amis.<\/p>\n<ul>\n<li>Vous vous interrogez sur votre orientation sexuelle?<\/li>\n<li>Vous \u00eates en questionnement et ne savez pas par o\u00f9 commencer?<\/li>\n<li>Vous souhaitez faire votre coming out en tant que personne ou couple LGBTQ+?<\/li>\n<li>Vous cherchez un environnement s\u00e9curitaire, professionnel et bienveillant pour parler avec un\u00b7e th\u00e9rapeute?<\/li>\n<li>Votre relation de couple homosexuel rencontre des difficult\u00e9s?<\/li>\n<li>Vous traversez une p\u00e9riode de transition et souhaitez \u00eatre soutenu\u00b7e pendant ce processus?<\/li>\n<li>Vous vivez le rejet, la n\u00e9gation ou le jugement de la part de votre entourage, de vos amis, coll\u00e8gues ou camarades d\u2019\u00e9cole?<\/li>\n<li>Vous avez de la difficult\u00e9 \u00e0 communiquer avec votre enfant LGBTQ+ ou \u00e0 le comprendre?<\/li>\n<\/ul>\n<p>Notre th\u00e9rapeute sp\u00e9cialis\u00e9\u00b7e en counselling LGBTQ+ \u00e0 Ottawa offre un environnement de soutien respectueux et confidentiel.<\/p>\n<p>Parler \u00e0 un\u00b7e th\u00e9rapeute qualifi\u00e9\u00b7e peut vous aider, vous, vos enfants, vos relations et votre famille.<\/p>\n<\/div><\/div><\/div><div class=\"fusion-layout-column fusion_builder_column fusion-builder-column-2 fusion_builder_column_2_5 2_5 fusion-flex-column fusion-flex-align-self-center\" style=\"--awb-bg-size:cover;--awb-width-large:40%;--awb-margin-top-large:0px;--awb-spacing-right-large:4.8%;--awb-margin-bottom-large:20px;--awb-spacing-left-large:4.8%;--awb-width-medium:40%;--awb-order-medium:0;--awb-spacing-right-medium:4.8%;--awb-spacing-left-medium:4.8%;--awb-width-small:100%;--awb-order-small:0;--awb-spacing-right-small:1.92%;--awb-spacing-left-small:1.92%;\" data-scroll-devices=\"small-visibility,medium-visibility,large-visibility\"><div class=\"fusion-column-wrapper fusion-column-has-shadow fusion-flex-justify-content-center fusion-content-layout-column\"><div class=\"fusion-image-element sm-text-align-center\" style=\"--awb-caption-title-font-family:var(--h2_typography-font-family);--awb-caption-title-font-weight:var(--h2_typography-font-weight);--awb-caption-title-font-style:var(--h2_typography-font-style);--awb-caption-title-size:var(--h2_typography-font-size);--awb-caption-title-transform:var(--h2_typography-text-transform);--awb-caption-title-line-height:var(--h2_typography-line-height);--awb-caption-title-letter-spacing:var(--h2_typography-letter-spacing);\"><span class=\" fusion-imageframe imageframe-none imageframe-1 hover-type-none\" style=\"border-radius:50px;\"><img decoding=\"async\" width=\"556\" height=\"371\" title=\"New Project (70) (1)\" src=\"https:\/\/family-therapy.ca\/wp-content\/uploads\/2025\/10\/New-Project-70-1.webp\" alt class=\"img-responsive wp-image-21905\" srcset=\"https:\/\/family-therapy.ca\/wp-content\/uploads\/2025\/10\/New-Project-70-1-200x133.webp 200w, https:\/\/family-therapy.ca\/wp-content\/uploads\/2025\/10\/New-Project-70-1-400x267.webp 400w, https:\/\/family-therapy.ca\/wp-content\/uploads\/2025\/10\/New-Project-70-1.webp 556w\" sizes=\"(max-width: 768px) 100vw, 556px\" \/><\/span><\/div><\/div><\/div><div class=\"fusion-layout-column fusion_builder_column fusion-builder-column-3 fusion_builder_column_1_1 1_1 fusion-flex-column\" style=\"--awb-bg-size:cover;--awb-width-large:100%;--awb-margin-top-large:0px;--awb-spacing-right-large:1.92%;--awb-margin-bottom-large:20px;--awb-spacing-left-large:1.92%;--awb-width-medium:100%;--awb-order-medium:0;--awb-spacing-right-medium:1.92%;--awb-spacing-left-medium:1.92%;--awb-width-small:100%;--awb-order-small:0;--awb-spacing-right-small:1.92%;--awb-spacing-left-small:1.92%;\"><div class=\"fusion-column-wrapper fusion-column-has-shadow fusion-flex-justify-content-flex-start fusion-content-layout-column\"><div style=\"text-align:center;\"><a class=\"fusion-button button-flat fusion-button-default-size button-default fusion-button-default button-1 fusion-button-default-span fusion-button-default-type\" target=\"_self\" href=\"https:\/\/family-therapy.ca\/fr\/contactez-nous\/\"><span class=\"fusion-button-text awb-button__text awb-button__text--default\">Communiquez avec nous pour des services de counseling \u00e0 Ottawa <\/span><\/a><\/div><\/div><\/div><\/div><\/div><div class=\"fusion-fullwidth fullwidth-box fusion-builder-row-2 fusion-flex-container has-pattern-background has-mask-background nonhundred-percent-fullwidth non-hundred-percent-height-scrolling\" style=\"--awb-border-radius-top-left:0px;--awb-border-radius-top-right:0px;--awb-border-radius-bottom-right:0px;--awb-border-radius-bottom-left:0px;--awb-padding-top:70px;--awb-padding-bottom:50px;--awb-flex-wrap:wrap;\" id=\"horizontal_css\" ><div class=\"fusion-builder-row fusion-row fusion-flex-align-items-flex-start fusion-flex-content-wrap\" style=\"max-width:1539.2px;margin-left: calc(-4% \/ 2 );margin-right: calc(-4% \/ 2 );\"><div class=\"fusion-layout-column fusion_builder_column fusion-builder-column-4 fusion_builder_column_1_2 1_2 fusion-flex-column fusion-flex-align-self-center\" style=\"--awb-bg-size:cover;--awb-width-large:50%;--awb-margin-top-large:0px;--awb-spacing-right-large:3.84%;--awb-margin-bottom-large:20px;--awb-spacing-left-large:3.84%;--awb-width-medium:50%;--awb-order-medium:0;--awb-spacing-right-medium:3.84%;--awb-spacing-left-medium:3.84%;--awb-width-small:100%;--awb-order-small:0;--awb-spacing-right-small:1.92%;--awb-spacing-left-small:1.92%;\" data-scroll-devices=\"small-visibility,medium-visibility,large-visibility\"><div class=\"fusion-column-wrapper fusion-column-has-shadow fusion-flex-justify-content-flex-start fusion-content-layout-column\"><div class=\"fusion-image-element md-text-align-center sm-text-align-center\" style=\"text-align:right;--awb-caption-title-font-family:var(--h2_typography-font-family);--awb-caption-title-font-weight:var(--h2_typography-font-weight);--awb-caption-title-font-style:var(--h2_typography-font-style);--awb-caption-title-size:var(--h2_typography-font-size);--awb-caption-title-transform:var(--h2_typography-text-transform);--awb-caption-title-line-height:var(--h2_typography-line-height);--awb-caption-title-letter-spacing:var(--h2_typography-letter-spacing);\"><span class=\" fusion-imageframe imageframe-none imageframe-2 hover-type-none\" style=\"border-radius:50px;\"><img decoding=\"async\" width=\"768\" height=\"551\" title=\"New Project (69) (1)\" src=\"https:\/\/family-therapy.ca\/wp-content\/uploads\/2025\/10\/New-Project-69-1.webp\" alt class=\"img-responsive wp-image-21903\" srcset=\"https:\/\/family-therapy.ca\/wp-content\/uploads\/2025\/10\/New-Project-69-1-200x143.webp 200w, https:\/\/family-therapy.ca\/wp-content\/uploads\/2025\/10\/New-Project-69-1-400x287.webp 400w, https:\/\/family-therapy.ca\/wp-content\/uploads\/2025\/10\/New-Project-69-1-600x430.webp 600w, https:\/\/family-therapy.ca\/wp-content\/uploads\/2025\/10\/New-Project-69-1.webp 768w\" sizes=\"(max-width: 768px) 100vw, 768px\" \/><\/span><\/div><\/div><\/div><div class=\"fusion-layout-column fusion_builder_column fusion-builder-column-5 fusion_builder_column_1_2 1_2 fusion-flex-column fusion-flex-align-self-center\" style=\"--awb-bg-size:cover;--awb-width-large:50%;--awb-margin-top-large:0px;--awb-spacing-right-large:3.84%;--awb-margin-bottom-large:20px;--awb-spacing-left-large:3.84%;--awb-width-medium:50%;--awb-order-medium:0;--awb-spacing-right-medium:3.84%;--awb-spacing-left-medium:3.84%;--awb-width-small:100%;--awb-order-small:0;--awb-spacing-right-small:1.92%;--awb-spacing-left-small:1.92%;\" data-scroll-devices=\"small-visibility,medium-visibility,large-visibility\"><div class=\"fusion-column-wrapper fusion-column-has-shadow fusion-flex-justify-content-center fusion-content-layout-column\"><div class=\"fusion-title title fusion-title-2 fusion-sep-none fusion-title-text fusion-title-size-two\" style=\"--awb-margin-top-small:10px;--awb-margin-right-small:0px;--awb-margin-bottom-small:10px;--awb-margin-left-small:0px;\"><h2 class=\"fusion-title-heading title-heading-left fusion-responsive-typography-calculated\" style=\"margin:0;--fontSize:54;line-height:1.1;\">Ressentez-vous l\u2019un des malaises suivants?<\/h2><\/div><div class=\"fusion-text fusion-text-2\"><ul>\n<li>Confusion ou sentiments ambivalents<\/li>\n<li>Culpabilit\u00e9 ou honte<\/li>\n<li>Inqui\u00e9tude, anxi\u00e9t\u00e9, d\u00e9pression ou peurs<\/li>\n<li>Incertitude quant \u00e0 la mani\u00e8re de r\u00e9pondre aux questions<\/li>\n<li>H\u00e9sitations \u00e0 propos de qui vous souhaitez informer et pourquoi<\/li>\n<li>Sentiment de d\u00e9cevoir les autres<\/li>\n<li>Faible estime de soi<\/li>\n<li>Isolement ou sentiment de ne pouvoir se confier \u00e0 personne<\/li>\n<\/ul>\n<\/div><\/div><\/div><\/div><\/div><div class=\"fusion-fullwidth fullwidth-box fusion-builder-row-3 fusion-flex-container has-pattern-background has-mask-background nonhundred-percent-fullwidth non-hundred-percent-height-scrolling\" style=\"--awb-border-radius-top-left:0px;--awb-border-radius-top-right:0px;--awb-border-radius-bottom-right:0px;--awb-border-radius-bottom-left:0px;--awb-padding-top:50px;--awb-padding-bottom:50px;--awb-flex-wrap:wrap;\" ><div class=\"fusion-builder-row fusion-row fusion-flex-align-items-flex-start fusion-flex-justify-content-center fusion-flex-content-wrap\" style=\"max-width:1539.2px;margin-left: calc(-4% \/ 2 );margin-right: calc(-4% \/ 2 );\"><div class=\"fusion-layout-column fusion_builder_column fusion-builder-column-6 fusion_builder_column_5_6 5_6 fusion-flex-column\" style=\"--awb-bg-size:cover;--awb-width-large:83.333333333333%;--awb-margin-top-large:0px;--awb-spacing-right-large:2.304%;--awb-margin-bottom-large:20px;--awb-spacing-left-large:2.304%;--awb-width-medium:83.333333333333%;--awb-order-medium:0;--awb-spacing-right-medium:2.304%;--awb-spacing-left-medium:2.304%;--awb-width-small:100%;--awb-order-small:0;--awb-spacing-right-small:1.92%;--awb-spacing-left-small:1.92%;\"><div class=\"fusion-column-wrapper fusion-column-has-shadow fusion-flex-justify-content-flex-start fusion-content-layout-column\"><div class=\"fusion-title title fusion-title-3 fusion-sep-none fusion-title-center fusion-title-text fusion-title-size-two\" style=\"--awb-margin-top-small:10px;--awb-margin-right-small:0px;--awb-margin-bottom-small:10px;--awb-margin-left-small:0px;\"><h2 class=\"fusion-title-heading title-heading-center fusion-responsive-typography-calculated\" style=\"margin:0;--fontSize:54;line-height:1.1;\">\u00catre compris\u00b7e et se sentir valoris\u00e9\u00b7e<\/h2><\/div><div class=\"fusion-text fusion-text-3\" style=\"--awb-content-alignment:center;\"><p>Family-Therapy\u2122 \u00e0 Kanata offre des services de counseling et de th\u00e9rapie avec des th\u00e9rapeutes bienveillant\u00b7es et professionnel\u00b7les ayant de l\u2019exp\u00e9rience aupr\u00e8s de client\u00b7es LGBTQ+ et de leurs proches. Notre environnement th\u00e9rapeutique est s\u00e9curitaire, respectueux et con\u00e7u pour vous aider \u00e0 explorer votre identit\u00e9 sexuelle, comprendre vos \u00e9motions et renforcer votre estime personnelle.<\/p>\n<p>Nos th\u00e9rapeutes vous accompagneront dans l\u2019acceptation de votre unicit\u00e9 ou celle de votre proche, et vous soutiendront dans votre d\u00e9marche de lib\u00e9ration personnelle face aux jugements ou pressions externes. Appelez-nous aujourd\u2019hui pour prendre un rendez-vous et entamer le processus de gu\u00e9rison.<\/p>\n<\/div><\/div><\/div><\/div><\/div><div class=\"fusion-fullwidth fullwidth-box fusion-builder-row-4 fusion-flex-container has-pattern-background has-mask-background nonhundred-percent-fullwidth non-hundred-percent-height-scrolling\" style=\"--awb-border-radius-top-left:0px;--awb-border-radius-top-right:0px;--awb-border-radius-bottom-right:0px;--awb-border-radius-bottom-left:0px;--awb-padding-top:50px;--awb-padding-bottom:50px;--awb-background-color:#035f9a;--awb-flex-wrap:wrap;\" ><div class=\"fusion-builder-row fusion-row fusion-flex-align-items-flex-start fusion-flex-content-wrap\" style=\"max-width:1539.2px;margin-left: calc(-4% \/ 2 );margin-right: calc(-4% \/ 2 );\"><div class=\"fusion-layout-column fusion_builder_column fusion-builder-column-7 fusion_builder_column_1_1 1_1 fusion-flex-column\" style=\"--awb-bg-size:cover;--awb-width-large:100%;--awb-margin-top-large:0px;--awb-spacing-right-large:1.92%;--awb-margin-bottom-large:20px;--awb-spacing-left-large:1.92%;--awb-width-medium:100%;--awb-order-medium:0;--awb-spacing-right-medium:1.92%;--awb-spacing-left-medium:1.92%;--awb-width-small:100%;--awb-order-small:0;--awb-spacing-right-small:1.92%;--awb-spacing-left-small:1.92%;\"><div class=\"fusion-column-wrapper fusion-column-has-shadow fusion-flex-justify-content-flex-start fusion-content-layout-column\"><div class=\"fusion-title title fusion-title-4 fusion-sep-none fusion-title-center fusion-title-text fusion-title-size-three\" style=\"--awb-text-color:#ffffff;--awb-margin-top-small:10px;--awb-margin-right-small:0px;--awb-margin-bottom-small:10px;--awb-margin-left-small:0px;\"><h3 class=\"fusion-title-heading title-heading-center fusion-responsive-typography-calculated\" style=\"margin:0;--fontSize:42;--minFontSize:42;line-height:1.1;\">Faites le premier pas en nous appelant d\u00e8s aujourd\u2019hui. Nos psychoth\u00e9rapeutes d\u00e9vou\u00e9s \u00e0 Ottawa sont pr\u00eats \u00e0 vous aider.<\/h3><\/div><div style=\"text-align:center;\"><a class=\"fusion-button button-flat fusion-button-default-size button-default fusion-button-default button-2 fusion-button-default-span fusion-button-default-type\" target=\"_self\" href=\"https:\/\/family-therapy.ca\/fr\/contactez-nous\/\"><span class=\"fusion-button-text awb-button__text awb-button__text--default\">Contactez-nous d\u00e8s aujourd\u2019hui <\/span><\/a><\/div><\/div><\/div><\/div><\/div>\n<div class=\"fusion-fullwidth fullwidth-box fusion-builder-row-5 fusion-flex-container has-pattern-background has-mask-background nonhundred-percent-fullwidth non-hundred-percent-height-scrolling\" style=\"--awb-border-radius-top-left:0px;--awb-border-radius-top-right:0px;--awb-border-radius-bottom-right:0px;--awb-border-radius-bottom-left:0px;--awb-padding-top:50px;--awb-padding-bottom:50px;--awb-flex-wrap:wrap;\" ><div class=\"fusion-builder-row fusion-row fusion-flex-align-items-flex-start fusion-flex-justify-content-center fusion-flex-content-wrap\" style=\"max-width:1539.2px;margin-left: calc(-4% \/ 2 );margin-right: calc(-4% \/ 2 );\"><div class=\"fusion-layout-column fusion_builder_column fusion-builder-column-8 fusion_builder_column_5_6 5_6 fusion-flex-column\" style=\"--awb-bg-size:cover;--awb-width-large:83.333333333333%;--awb-margin-top-large:0px;--awb-spacing-right-large:2.304%;--awb-margin-bottom-large:20px;--awb-spacing-left-large:2.304%;--awb-width-medium:83.333333333333%;--awb-order-medium:0;--awb-spacing-right-medium:2.304%;--awb-spacing-left-medium:2.304%;--awb-width-small:100%;--awb-order-small:0;--awb-spacing-right-small:1.92%;--awb-spacing-left-small:1.92%;\"><div class=\"fusion-column-wrapper fusion-column-has-shadow fusion-flex-justify-content-flex-start fusion-content-layout-column\"><div class=\"fusion-title title fusion-title-5 fusion-sep-none fusion-title-center fusion-title-text fusion-title-size-two\" style=\"--awb-margin-top-small:10px;--awb-margin-right-small:0px;--awb-margin-bottom-small:10px;--awb-margin-left-small:0px;\"><h2 class=\"fusion-title-heading title-heading-center fusion-responsive-typography-calculated\" style=\"margin:0;--fontSize:54;line-height:1.1;\">Th\u00e9rapie confidentielle et empreinte d\u2019empathie<\/h2><\/div><div class=\"fusion-text fusion-text-4\" style=\"--awb-content-alignment:center;\"><p>Les services de counseling familial de Family-Therapy\u2122 \u00e0 Ottawa, Nepean et Kanata ont pour but d\u2019aider les individus et les familles \u00e0 faire face \u00e0 divers d\u00e9fis complexes. Obtenez de l\u2019aide en temps opportun et r\u00e9solvez des situations difficiles en en discutant avec un th\u00e9rapeute professionnel qualifi\u00e9.<\/p>\n<p>Nous travaillons aussi avec des demandeurs d\u2019asile et des membres des Forces arm\u00e9es canadiennes ainsi que leurs familles.<\/p>\n<p>Pour plus d\u2019informations ou pour fixer un rendez-vous, veuillez composer le <a href=\"tel:613-287-3799\">613-287-3799<\/a> ou nous \u00e9crire par courriel. M\u00e9decins, th\u00e9rapeutes et avocats peuvent nous envoyer un fax au 1-613-777-4975.<\/p>\n<\/div><\/div><\/div><\/div><\/div>\n<\/p>\n","protected":false},"excerpt":{"rendered":"","protected":false},"author":1,"featured_media":21901,"parent":21383,"menu_order":8,"comment_status":"closed","ping_status":"closed","template":"100-width.php","meta":{"_acf_changed":false,"footnotes":""},"class_list":["post-21243","page","type-page","status-publish","has-post-thumbnail","hentry"],"acf":[],"yoast_head":"<!-- This site is optimized with the Yoast SEO plugin v27.3 - https:\/\/yoast.com\/product\/yoast-seo-wordpress\/ -->\n<title>Conseils LGBTQ - Family-Therapy\u2122<\/title>\n<meta name=\"robots\" content=\"index, follow, max-snippet:-1, max-image-preview:large, max-video-preview:-1\" \/>\n<link rel=\"canonical\" href=\"https:\/\/family-therapy.ca\/fr\/conseil\/conseils-lgbtq\/\" \/>\n<meta property=\"og:locale\" content=\"fr_FR\" \/>\n<meta property=\"og:type\" content=\"article\" \/>\n<meta property=\"og:title\" content=\"Conseils LGBTQ - Family-Therapy\u2122\" \/>\n<meta property=\"og:url\" content=\"https:\/\/family-therapy.ca\/fr\/conseil\/conseils-lgbtq\/\" \/>\n<meta property=\"og:site_name\" content=\"Family-Therapy\u2122\" \/>\n<meta property=\"article:modified_time\" content=\"2025-10-27T10:29:21+00:00\" \/>\n<meta property=\"og:image\" content=\"https:\/\/family-therapy.ca\/wp-content\/uploads\/2025\/10\/banner-3-1.webp\" \/>\n\t<meta property=\"og:image:width\" content=\"710\" \/>\n\t<meta property=\"og:image:height\" content=\"485\" \/>\n\t<meta property=\"og:image:type\" content=\"image\/webp\" \/>\n<meta name=\"twitter:card\" content=\"summary_large_image\" \/>\n<meta name=\"twitter:label1\" content=\"Dur\u00e9e de lecture estim\u00e9e\" \/>\n\t<meta name=\"twitter:data1\" content=\"3 minutes\" \/>\n<script type=\"application\/ld+json\" class=\"yoast-schema-graph\">{\"@context\":\"https:\\\/\\\/schema.org\",\"@graph\":[{\"@type\":\"WebPage\",\"@id\":\"https:\\\/\\\/family-therapy.ca\\\/fr\\\/conseil\\\/conseils-lgbtq\\\/\",\"url\":\"https:\\\/\\\/family-therapy.ca\\\/fr\\\/conseil\\\/conseils-lgbtq\\\/\",\"name\":\"Conseils LGBTQ - Family-Therapy\u2122\",\"isPartOf\":{\"@id\":\"https:\\\/\\\/family-therapy.ca\\\/fr\\\/#website\"},\"primaryImageOfPage\":{\"@id\":\"https:\\\/\\\/family-therapy.ca\\\/fr\\\/conseil\\\/conseils-lgbtq\\\/#primaryimage\"},\"image\":{\"@id\":\"https:\\\/\\\/family-therapy.ca\\\/fr\\\/conseil\\\/conseils-lgbtq\\\/#primaryimage\"},\"thumbnailUrl\":\"https:\\\/\\\/family-therapy.ca\\\/wp-content\\\/uploads\\\/2025\\\/10\\\/banner-3-1.webp\",\"datePublished\":\"2025-07-21T10:51:31+00:00\",\"dateModified\":\"2025-10-27T10:29:21+00:00\",\"breadcrumb\":{\"@id\":\"https:\\\/\\\/family-therapy.ca\\\/fr\\\/conseil\\\/conseils-lgbtq\\\/#breadcrumb\"},\"inLanguage\":\"fr-FR\",\"potentialAction\":[{\"@type\":\"ReadAction\",\"target\":[\"https:\\\/\\\/family-therapy.ca\\\/fr\\\/conseil\\\/conseils-lgbtq\\\/\"]}]},{\"@type\":\"ImageObject\",\"inLanguage\":\"fr-FR\",\"@id\":\"https:\\\/\\\/family-therapy.ca\\\/fr\\\/conseil\\\/conseils-lgbtq\\\/#primaryimage\",\"url\":\"https:\\\/\\\/family-therapy.ca\\\/wp-content\\\/uploads\\\/2025\\\/10\\\/banner-3-1.webp\",\"contentUrl\":\"https:\\\/\\\/family-therapy.ca\\\/wp-content\\\/uploads\\\/2025\\\/10\\\/banner-3-1.webp\",\"width\":710,\"height\":485},{\"@type\":\"BreadcrumbList\",\"@id\":\"https:\\\/\\\/family-therapy.ca\\\/fr\\\/conseil\\\/conseils-lgbtq\\\/#breadcrumb\",\"itemListElement\":[{\"@type\":\"ListItem\",\"position\":1,\"name\":\"Home\",\"item\":\"https:\\\/\\\/family-therapy.ca\\\/fr\\\/\"},{\"@type\":\"ListItem\",\"position\":2,\"name\":\"Conseil\",\"item\":\"https:\\\/\\\/family-therapy.ca\\\/fr\\\/conseil\\\/\"},{\"@type\":\"ListItem\",\"position\":3,\"name\":\"Conseils LGBTQ\"}]},{\"@type\":\"WebSite\",\"@id\":\"https:\\\/\\\/family-therapy.ca\\\/fr\\\/#website\",\"url\":\"https:\\\/\\\/family-therapy.ca\\\/fr\\\/\",\"name\":\"Family-Therapy\u2122\",\"description\":\"\",\"potentialAction\":[{\"@type\":\"SearchAction\",\"target\":{\"@type\":\"EntryPoint\",\"urlTemplate\":\"https:\\\/\\\/family-therapy.ca\\\/fr\\\/?s={search_term_string}\"},\"query-input\":{\"@type\":\"PropertyValueSpecification\",\"valueRequired\":true,\"valueName\":\"search_term_string\"}}],\"inLanguage\":\"fr-FR\"}]}<\/script>\n<!-- \/ Yoast SEO plugin. -->","yoast_head_json":{"title":"Conseils LGBTQ - Family-Therapy\u2122","robots":{"index":"index","follow":"follow","max-snippet":"max-snippet:-1","max-image-preview":"max-image-preview:large","max-video-preview":"max-video-preview:-1"},"canonical":"https:\/\/family-therapy.ca\/fr\/conseil\/conseils-lgbtq\/","og_locale":"fr_FR","og_type":"article","og_title":"Conseils LGBTQ - Family-Therapy\u2122","og_url":"https:\/\/family-therapy.ca\/fr\/conseil\/conseils-lgbtq\/","og_site_name":"Family-Therapy\u2122","article_modified_time":"2025-10-27T10:29:21+00:00","og_image":[{"width":710,"height":485,"url":"https:\/\/family-therapy.ca\/wp-content\/uploads\/2025\/10\/banner-3-1.webp","type":"image\/webp"}],"twitter_card":"summary_large_image","twitter_misc":{"Dur\u00e9e de lecture estim\u00e9e":"3 minutes"},"schema":{"@context":"https:\/\/schema.org","@graph":[{"@type":"WebPage","@id":"https:\/\/family-therapy.ca\/fr\/conseil\/conseils-lgbtq\/","url":"https:\/\/family-therapy.ca\/fr\/conseil\/conseils-lgbtq\/","name":"Conseils LGBTQ - Family-Therapy\u2122","isPartOf":{"@id":"https:\/\/family-therapy.ca\/fr\/#website"},"primaryImageOfPage":{"@id":"https:\/\/family-therapy.ca\/fr\/conseil\/conseils-lgbtq\/#primaryimage"},"image":{"@id":"https:\/\/family-therapy.ca\/fr\/conseil\/conseils-lgbtq\/#primaryimage"},"thumbnailUrl":"https:\/\/family-therapy.ca\/wp-content\/uploads\/2025\/10\/banner-3-1.webp","datePublished":"2025-07-21T10:51:31+00:00","dateModified":"2025-10-27T10:29:21+00:00","breadcrumb":{"@id":"https:\/\/family-therapy.ca\/fr\/conseil\/conseils-lgbtq\/#breadcrumb"},"inLanguage":"fr-FR","potentialAction":[{"@type":"ReadAction","target":["https:\/\/family-therapy.ca\/fr\/conseil\/conseils-lgbtq\/"]}]},{"@type":"ImageObject","inLanguage":"fr-FR","@id":"https:\/\/family-therapy.ca\/fr\/conseil\/conseils-lgbtq\/#primaryimage","url":"https:\/\/family-therapy.ca\/wp-content\/uploads\/2025\/10\/banner-3-1.webp","contentUrl":"https:\/\/family-therapy.ca\/wp-content\/uploads\/2025\/10\/banner-3-1.webp","width":710,"height":485},{"@type":"BreadcrumbList","@id":"https:\/\/family-therapy.ca\/fr\/conseil\/conseils-lgbtq\/#breadcrumb","itemListElement":[{"@type":"ListItem","position":1,"name":"Home","item":"https:\/\/family-therapy.ca\/fr\/"},{"@type":"ListItem","position":2,"name":"Conseil","item":"https:\/\/family-therapy.ca\/fr\/conseil\/"},{"@type":"ListItem","position":3,"name":"Conseils LGBTQ"}]},{"@type":"WebSite","@id":"https:\/\/family-therapy.ca\/fr\/#website","url":"https:\/\/family-therapy.ca\/fr\/","name":"Family-Therapy\u2122","description":"","potentialAction":[{"@type":"SearchAction","target":{"@type":"EntryPoint","urlTemplate":"https:\/\/family-therapy.ca\/fr\/?s={search_term_string}"},"query-input":{"@type":"PropertyValueSpecification","valueRequired":true,"valueName":"search_term_string"}}],"inLanguage":"fr-FR"}]}},"_links":{"self":[{"href":"https:\/\/family-therapy.ca\/fr\/wp-json\/wp\/v2\/pages\/21243","targetHints":{"allow":["GET"]}}],"collection":[{"href":"https:\/\/family-therapy.ca\/fr\/wp-json\/wp\/v2\/pages"}],"about":[{"href":"https:\/\/family-therapy.ca\/fr\/wp-json\/wp\/v2\/types\/page"}],"author":[{"embeddable":true,"href":"https:\/\/family-therapy.ca\/fr\/wp-json\/wp\/v2\/users\/1"}],"replies":[{"embeddable":true,"href":"https:\/\/family-therapy.ca\/fr\/wp-json\/wp\/v2\/comments?post=21243"}],"version-history":[{"count":0,"href":"https:\/\/family-therapy.ca\/fr\/wp-json\/wp\/v2\/pages\/21243\/revisions"}],"up":[{"embeddable":true,"href":"https:\/\/family-therapy.ca\/fr\/wp-json\/wp\/v2\/pages\/21383"}],"wp:featuredmedia":[{"embeddable":true,"href":"https:\/\/family-therapy.ca\/fr\/wp-json\/wp\/v2\/media\/21901"}],"wp:attachment":[{"href":"https:\/\/family-therapy.ca\/fr\/wp-json\/wp\/v2\/media?parent=21243"}],"curies":[{"name":"wp","href":"https:\/\/api.w.org\/{rel}","templated":true}]}}