{"id":20807,"date":"2025-07-01T11:20:53","date_gmt":"2025-07-01T11:20:53","guid":{"rendered":"https:\/\/devfamilythera.wpenginepowered.com\/?page_id=20807"},"modified":"2025-09-23T08:30:31","modified_gmt":"2025-09-23T08:30:31","slug":"carrieres","status":"publish","type":"page","link":"https:\/\/family-therapy.ca\/fr\/carrieres\/","title":{"rendered":"Carri\u00e8res"},"content":{"rendered":"<div class=\"fusion-fullwidth fullwidth-box fusion-builder-row-1 fusion-flex-container has-pattern-background has-mask-background nonhundred-percent-fullwidth non-hundred-percent-height-scrolling\" style=\"--awb-border-radius-top-left:0px;--awb-border-radius-top-right:0px;--awb-border-radius-bottom-right:0px;--awb-border-radius-bottom-left:0px;--awb-flex-wrap:wrap;\" ><div class=\"fusion-builder-row fusion-row fusion-flex-align-items-flex-start fusion-flex-justify-content-center fusion-flex-content-wrap\" style=\"max-width:1539.2px;margin-left: calc(-4% \/ 2 );margin-right: calc(-4% \/ 2 );\"><div class=\"fusion-layout-column fusion_builder_column fusion-builder-column-0 fusion_builder_column_1_1 1_1 fusion-flex-column\" style=\"--awb-bg-size:cover;--awb-width-large:100%;--awb-margin-top-large:0px;--awb-spacing-right-large:1.92%;--awb-margin-bottom-large:20px;--awb-spacing-left-large:1.92%;--awb-width-medium:100%;--awb-order-medium:0;--awb-spacing-right-medium:1.92%;--awb-spacing-left-medium:1.92%;--awb-width-small:100%;--awb-order-small:0;--awb-spacing-right-small:1.92%;--awb-spacing-left-small:1.92%;\" id=\"career_listing\" data-scroll-devices=\"small-visibility,medium-visibility,large-visibility\"><div class=\"fusion-column-wrapper fusion-column-has-shadow fusion-flex-justify-content-flex-start fusion-content-layout-column\"><div class=\"fusion-title title fusion-title-1 fusion-sep-none fusion-title-center fusion-title-text fusion-title-size-one\" style=\"--awb-margin-top-small:10px;--awb-margin-right-small:0px;--awb-margin-bottom-small:10px;--awb-margin-left-small:0px;\"><h1 class=\"fusion-title-heading title-heading-center fusion-responsive-typography-calculated\" style=\"margin:0;--fontSize:64;line-height:1.1;\">Joignez-vous \u00e0 notre \u00e9quipe de professionnels du counselling \u00e0 Ottawa<\/h1><\/div><div class=\"sjb-page\">\r\n<!-- Start: Jobs Listing Wrapper -->\r\n\r\n\r\n<!-- Start Job Filters\r\n================================================== -->\r\n<div class=\"sjb-filters sjb-filters-v1\">\r\n        <form class=\"filters-form\" action=\"https:\/\/family-therapy.ca\/fr\/carrieres\/\" method=\"get\">\r\n        <div class=\"row\">\r\n            \r\n    <!-- Keywords Search-->    \r\n    <div class=\"sjb-search-keywords col-md-10 col-xs-12\">\r\n        <div class=\"form-group\">\r\n                        <label class=\"sr-only\" for=\"keywords\">Mots-cl\u00e9s<\/label>\r\n            <input type=\"text\" class=\"form-control\" value=\"\" placeholder=\"Mots-cl\u00e9s\" id=\"keywords\" name=\"search_keywords\">\r\n        <\/div>\r\n    <\/div>\r\n    <div class=\"sjb-search-button col-md-3 col-xs-12\"><input class=\"btn-search btn btn-primary\" value=\"&#xf002;\" type=\"submit\"><\/div>        <\/div>\r\n    <\/form>\r\n<\/div>\r\n<!-- ==================================================\r\nEnd Job Filters -->\r\n\r\n\r\n<div class=\"sjb-listing\">\r\n        <!-- start Jobs Listing: List View -->\r\n    <div class=\"list-view\">\r\n        \r\n    \n<!-- Start Jobs List View \n================================================== -->\n<div class=\"list-data\">\n    <div class=\"v1 sjb-job-20809\">   \n        \n        <!-- Jobs List view header -->\n        <header>\n            <div class=\"row\">\n                \r\n<!-- Start Company Logo\r\n================================================== -->\r\n\r\n<!-- ==================================================\r\nEnd Company Logo -->\r\n\r\n    \n                <div class=\"col-md-12 col-sm-12\">\n                    <div class=\"row sjb-list-row\">\n\n                    <div class=\"col-md-5 col-sm-12\">\r\n    <div class=\"job-info\">\r\n        <h4>\r\n            <a href=\"https:\/\/family-therapy.ca\/fr\/jobs\/psychologue-clinicienne-pour-enfants-adolescents-et-familles\/\">\r\n                <span class=\"job-title\">Psychologue clinicien(ne) pour enfants, adolescents et familles<\/span>            <\/a>\r\n\r\n        <\/h4>\r\n            <\/div>\r\n<\/div>\r\n\r\n<!-- Start Job Type\r\n================================================== -->\r\n<div class=\"col-md-2 col-sm-4 col-xs-12\">    \r\n     \r\n<\/div>\r\n<!-- ==================================================\r\nEnd Job Type -->\r\n\r\n\r\n<!-- Start Job's Location\r\n================================================== -->\r\n<div class=\"col-md-2 col-sm-4 col-xs-12\">\r\n    <\/div>\r\n<!-- ==================================================\r\nEnd Job's Location -->\r\n\r\n\r\n<!-- Start Job Posted Date\r\n================================================== -->\r\n<div class=\"col-md-3 col-sm-4 col-xs-12\">\r\n            <div class=\"job-date\"><i class=\"fa  fa-calendar-check\"><\/i>Publi\u00e9 il y a 9 mois<\/div>\r\n    <\/div>\r\n<!-- ==================================================\r\nEnd Job Posted Date -->\r\n\r\n                        \n                    <\/div> \n                <\/div>\n            <\/div>\n        <\/header>\n\n        \r\n    <!-- View more content start\r\n    ================================= -->\r\n    \r\n<!-- View long content start \r\n================================================== -->\r\n<div class=\"sjb_more_content\" id=\"sjb_more_content_20809\">\r\n    Family-Therapy\u2122 est situ\u00e9 dans l\u2019ouest d\u2019Ottawa. Nous offrons des services en psychologie et en psychoth\u00e9rapie en sant\u00e9 mentale aux enfants, adolescents, adultes, couples et familles.\r\n<h3>Description du poste<\/h3>\r\n<ul>\r\n \t<li>Offrir des services de psychologie clinique aux enfants, adolescents et familles.<\/li>\r\n \t<li>Tenir \u00e0 jour les dossiers des clients en documentant les \u00e9valuations, les notes de suivi et les rapports conform\u00e9ment aux normes, politiques et proc\u00e9dures de l\u2019Ordre des psychologues de l\u2019Ontario.<\/li>\r\n \t<li>Se tenir \u00e0 jour sur la litt\u00e9rature actuelle et les d\u00e9veloppements cliniques.<\/li>\r\n \t<li>Maintenir ses comp\u00e9tences par un perfectionnement professionnel continu.<\/li>\r\n \t<li>\u00catre en mesure de r\u00e9aliser des \u00e9valuations psycho\u00e9ducatives compl\u00e8tes afin d\u2019identifier les forces et les faiblesses d\u2019un individu et de fournir une r\u00e9troaction aux clients et \u00e0 leurs familles.<\/li>\r\n<\/ul>\r\n<h3>Exigences professionnelles<\/h3>\r\nDoit poss\u00e9der l\u2019une des qualifications suivantes avec comp\u00e9tences en \u00e9valuation, traitement et th\u00e9rapie aupr\u00e8s des enfants, adolescents, adultes et couples :\r\n<ul>\r\n \t<li>Doctorat (Ph.D. ou Psy.D.) en psychologie clinique avec inscription actuelle \u00e0 l\u2019Ordre des psychologues de l\u2019Ontario et autorisation d\u2019exercer de fa\u00e7on autonome \u00e0 titre de psychologue;<\/li>\r\n \t<li>Ma\u00eetrise en psychologie clinique avec inscription actuelle \u00e0 l\u2019Ordre des psychologues de l\u2019Ontario avec autorisation d\u2019exercer de fa\u00e7on autonome \u00e0 titre d\u2019associ\u00e9 en psychologie.<\/li>\r\n<\/ul>\r\n<h3>Comp\u00e9tences, connaissances et exp\u00e9rience<\/h3>\r\n<ul>\r\n \t<li>Exp\u00e9rience r\u00e9cente et pertinente en sant\u00e9 mentale, aupr\u00e8s d\u2019enfants, adolescents, adultes et familles, utilisant la th\u00e9rapie exp\u00e9rientielle, la th\u00e9rapie par le jeu, la th\u00e9rapie bas\u00e9e sur l\u2019attachement, en milieu communautaire, en clinique externe ou en pratique priv\u00e9e.<\/li>\r\n \t<li>Connaissance approfondie des mod\u00e8les actuels de th\u00e9rapie familiale, \u00e0 court et long terme.<\/li>\r\n \t<li>Capacit\u00e9 \u00e0 plaider pour les besoins des jeunes tout en travaillant selon une approche syst\u00e9mique familiale.<\/li>\r\n \t<li>Capacit\u00e9 \u00e0 r\u00e9aliser et interpr\u00e9ter des tests psycho\u00e9ducatifs pour enfants et adultes.<\/li>\r\n \t<li>Comp\u00e9tences avanc\u00e9es en communication \u00e9crite et orale, excellente organisation, et comp\u00e9tences informatiques interm\u00e9diaires.<\/li>\r\n \t<li>Leadership d\u00e9montr\u00e9, initiative, pens\u00e9e critique et r\u00e9solution de probl\u00e8mes.<\/li>\r\n \t<li>Autorisation d\u2019exercer en th\u00e9rapie de couple constitue un atout.<\/li>\r\n \t<li>Ma\u00eetrise de l\u2019anglais exig\u00e9e. Ma\u00eetrise du fran\u00e7ais et d\u2019autres langues consid\u00e9r\u00e9e comme un atout.<\/li>\r\n<\/ul>\r\n<h3>Qualit\u00e9s personnelles recherch\u00e9es<\/h3>\r\n<ul>\r\n \t<li>Adh\u00e9sion d\u00e9montr\u00e9e \u00e0 l\u2019apprentissage continu et aux pratiques cliniques fond\u00e9es sur des donn\u00e9es probantes.<\/li>\r\n \t<li>Capacit\u00e9 \u00e0 travailler de fa\u00e7on autonome dans un environnement d\u2019\u00e9quipe.<\/li>\r\n \t<li>Int\u00e9r\u00eat pour la consultation clinique entre pairs.<\/li>\r\n \t<li>Excellentes relations interpersonnelles avec coll\u00e8gues, clients et familles.<\/li>\r\n \t<li>Dossier professionnel et d\u2019assiduit\u00e9 exemplaire.<\/li>\r\n \t<li>V\u00e9rification du casier judiciaire exig\u00e9e.<\/li>\r\n \t<li>Disponibilit\u00e9 en journ\u00e9e et certains soirs.<\/li>\r\n \t<li>Autorisation l\u00e9gale de travailler au Canada.<\/li>\r\n<\/ul>\r\n<h3>Processus de s\u00e9lection<\/h3>\r\nLes candidats doivent soumettre leur CV et une lettre de motivation via ce site Web.\r\nNous remercions tous les candidats pour leur int\u00e9r\u00eat; toutefois, seuls les candidats retenus pour une entrevue seront contact\u00e9s par t\u00e9l\u00e9phone.\r\nNous valorisons la diversit\u00e9 au sein de notre communaut\u00e9 et encourageons les candidatures qui enrichiront cette diversit\u00e9.    \r\n<!-- Start Job Features\r\n================================================== -->\r\n<div class=\"job-features\">\r\n    \r\n    <table class=\"table\">\r\n        <tbody>\r\n            \r\n                        <\/tbody>\r\n    <\/table>\r\n<\/div>\r\n<!-- ==================================================\r\nEnd Job Features -->\r\n\r\n<div class=\"clearfix\"><\/div>\r\n<\/div>\r\n<!-- ==================================================\r\nView long content end  -->\r\n\r\n    <!-- View more content end\r\n    ================================= -->\r\n\r\n    <!-- Start Job Short Description \r\n    ================================================== -->\r\n    <div class=\"job-description\">\r\n        <div id=\"sjb_less_content_20809\"><p>Family-Therapy\u2122 est situ\u00e9 dans l\u2019ouest d\u2019Ottawa. Nous offrons des services  [...]<\/p><\/div><div class=\"sjb-apply-now-btn\"><p><p><a href=\"https:\/\/family-therapy.ca\/fr\/jobs\/psychologue-clinicienne-pour-enfants-adolescents-et-familles\/\" class=\"btn btn-primary \">En savoir plus<\/a><\/p><div class=\"sjb-view-less-btn\" id=\"sjb_view_less_btn_20809\"><a data-id=\"20809\" class=\"sjb_view_less_btn sjb_view_more_btn\">View less<\/a><\/div><\/p><\/div>    <\/div>\r\n    <!-- ==================================================\r\n    End Job Short Description  -->\r\n\r\n        <\/div>\n<\/div>\n<!-- ==================================================\nEnd Jobs List View -->\n\n<div class=\"clearfix\"><\/div>\n\n\n<!-- Start Jobs List View \n================================================== -->\n<div class=\"list-data\">\n    <div class=\"v1 sjb-job-20811\">   \n        \n        <!-- Jobs List view header -->\n        <header>\n            <div class=\"row\">\n                \r\n<!-- Start Company Logo\r\n================================================== -->\r\n\r\n<!-- ==================================================\r\nEnd Company Logo -->\r\n\r\n    \n                <div class=\"col-md-12 col-sm-12\">\n                    <div class=\"row sjb-list-row\">\n\n                    <div class=\"col-md-5 col-sm-12\">\r\n    <div class=\"job-info\">\r\n        <h4>\r\n            <a href=\"https:\/\/family-therapy.ca\/fr\/jobs\/travailleur-social-pour-adultes-et-couples\/\">\r\n                <span class=\"job-title\">Travailleur social pour adultes et couples<\/span>            <\/a>\r\n\r\n        <\/h4>\r\n            <\/div>\r\n<\/div>\r\n\r\n<!-- Start Job Type\r\n================================================== -->\r\n<div class=\"col-md-2 col-sm-4 col-xs-12\">    \r\n     \r\n<\/div>\r\n<!-- ==================================================\r\nEnd Job Type -->\r\n\r\n\r\n<!-- Start Job's Location\r\n================================================== -->\r\n<div class=\"col-md-2 col-sm-4 col-xs-12\">\r\n    <\/div>\r\n<!-- ==================================================\r\nEnd Job's Location -->\r\n\r\n\r\n<!-- Start Job Posted Date\r\n================================================== -->\r\n<div class=\"col-md-3 col-sm-4 col-xs-12\">\r\n            <div class=\"job-date\"><i class=\"fa  fa-calendar-check\"><\/i>Publi\u00e9 il y a 9 mois<\/div>\r\n    <\/div>\r\n<!-- ==================================================\r\nEnd Job Posted Date -->\r\n\r\n                        \n                    <\/div> \n                <\/div>\n            <\/div>\n        <\/header>\n\n        \r\n    <!-- View more content start\r\n    ================================= -->\r\n    \r\n<!-- View long content start \r\n================================================== -->\r\n<div class=\"sjb_more_content\" id=\"sjb_more_content_20811\">\r\n    Family-Therapy\u2122 est situ\u00e9 dans l\u2019ouest d\u2019Ottawa. Nous offrons des services de psychoth\u00e9rapie en sant\u00e9 mentale aux enfants, adolescents, adultes, couples et familles.\r\n<h3>Description du poste<\/h3>\r\n<ul>\r\n \t<li>Offrir des services de th\u00e9rapie clinique aux adultes et aux couples.<\/li>\r\n \t<li>Tenir \u00e0 jour les dossiers clients en documentant les \u00e9valuations, en r\u00e9digeant des notes de suivi et des rapports selon les normes, politiques et proc\u00e9dures \u00e9tablies, afin de respecter les exigences r\u00e9glementaires de l\u2019Ordre des travailleurs sociaux et des techniciens en travail social de l\u2019Ontario.<\/li>\r\n \t<li>Se tenir inform\u00e9(e) de la litt\u00e9rature actuelle et des d\u00e9veloppements pertinents en pratique clinique.<\/li>\r\n \t<li>Maintenir sa comp\u00e9tence professionnelle par un d\u00e9veloppement professionnel continu.<\/li>\r\n<\/ul>\r\nLe ou la clinicien(ne) retenu(e) doit \u00eatre dispos\u00e9(e), form\u00e9(e) et apte \u00e0 travailler avec les couples.\r\n<h3>Exigences professionnelles<\/h3>\r\nDoit poss\u00e9der les qualifications suivantes, ainsi que des comp\u00e9tences en \u00e9valuation, traitement et th\u00e9rapie aupr\u00e8s des adultes et des couples :\r\n<ul>\r\n \t<li>Ma\u00eetrise en travail social et inscription en r\u00e8gle \u00e0 l\u2019Ordre des travailleurs sociaux et des techniciens en travail social de l\u2019Ontario.<\/li>\r\n \t<li>Formation suivie ou volont\u00e9 de suivre une formation en m\u00e9thode Gottman, th\u00e9rapie de couple centr\u00e9e sur les \u00e9motions (EFT), ou formation RLI (Terry Real). Une formation externe en th\u00e9rapie de couple (hors universit\u00e9) est exig\u00e9e.<\/li>\r\n<\/ul>\r\n<h3>Comp\u00e9tences, connaissances et exp\u00e9rience<\/h3>\r\n<ul>\r\n \t<li>Exp\u00e9rience r\u00e9cente et pertinente en sant\u00e9 mentale, aupr\u00e8s d\u2019adultes et de couples, utilisant des approches exp\u00e9rientielles, en milieu communautaire, en clinique externe ou en pratique priv\u00e9e.<\/li>\r\n \t<li>Connaissance des principes et mod\u00e8les actuels en th\u00e9rapie individuelle et de couple, \u00e0 court et long terme.<\/li>\r\n \t<li>Excellentes comp\u00e9tences en communication \u00e9crite et orale, aptitudes interpersonnelles et organisationnelles, comp\u00e9tences informatiques interm\u00e9diaires.<\/li>\r\n \t<li>Leadership, initiative, pens\u00e9e critique et r\u00e9solution de probl\u00e8mes d\u00e9montr\u00e9s.<\/li>\r\n \t<li>Capacit\u00e9 \u00e0 favoriser et am\u00e9liorer les relations entre professionnels et programmes communautaires.<\/li>\r\n \t<li>Ma\u00eetrise de l\u2019anglais exig\u00e9e. La ma\u00eetrise du fran\u00e7ais et d'autres langues constitue un atout.<\/li>\r\n<\/ul>\r\n<h3>Qualit\u00e9s personnelles recherch\u00e9es<\/h3>\r\n<ul>\r\n \t<li>Adh\u00e9sion d\u00e9montr\u00e9e \u00e0 l\u2019apprentissage continu et aux pratiques fond\u00e9es sur des donn\u00e9es probantes.<\/li>\r\n \t<li>Capacit\u00e9 \u00e0 travailler de fa\u00e7on autonome tout en s\u2019int\u00e9grant \u00e0 une \u00e9quipe.<\/li>\r\n \t<li>Int\u00e9r\u00eat pour la participation aux consultations cliniques entre pairs.<\/li>\r\n \t<li>Capacit\u00e9 \u00e0 \u00e9tablir de bonnes relations interpersonnelles avec coll\u00e8gues, clients et familles.<\/li>\r\n \t<li>Dossier professionnel positif et bon dossier d\u2019assiduit\u00e9.<\/li>\r\n \t<li>V\u00e9rification du casier judiciaire exig\u00e9e.<\/li>\r\n \t<li>Disponibilit\u00e9 le jour, certains soirs et possiblement le samedi.<\/li>\r\n \t<li>Autorisation l\u00e9gale de travailler au Canada.<\/li>\r\n<\/ul>\r\n<h3>Processus de s\u00e9lection<\/h3>\r\nLes candidats doivent soumettre leur curriculum vitae et une lettre de motivation via ce site Web.\r\nNous remercions tous les candidats de leur int\u00e9r\u00eat; toutefois, seuls les candidats retenus pour une entrevue seront contact\u00e9s.\r\nNous valorisons la diversit\u00e9 au sein de notre communaut\u00e9 et encourageons les candidatures de personnes qui enrichiront cette diversit\u00e9.    \r\n<!-- Start Job Features\r\n================================================== -->\r\n<div class=\"job-features\">\r\n    \r\n    <table class=\"table\">\r\n        <tbody>\r\n            \r\n                        <\/tbody>\r\n    <\/table>\r\n<\/div>\r\n<!-- ==================================================\r\nEnd Job Features -->\r\n\r\n<div class=\"clearfix\"><\/div>\r\n<\/div>\r\n<!-- ==================================================\r\nView long content end  -->\r\n\r\n    <!-- View more content end\r\n    ================================= -->\r\n\r\n    <!-- Start Job Short Description \r\n    ================================================== -->\r\n    <div class=\"job-description\">\r\n        <div id=\"sjb_less_content_20811\"><p>Family-Therapy\u2122 est situ\u00e9 dans l\u2019ouest d\u2019Ottawa. Nous offrons des services  [...]<\/p><\/div><div class=\"sjb-apply-now-btn\"><p><p><a href=\"https:\/\/family-therapy.ca\/fr\/jobs\/travailleur-social-pour-adultes-et-couples\/\" class=\"btn btn-primary \">En savoir plus<\/a><\/p><div class=\"sjb-view-less-btn\" id=\"sjb_view_less_btn_20811\"><a data-id=\"20811\" class=\"sjb_view_less_btn sjb_view_more_btn\">View less<\/a><\/div><\/p><\/div>    <\/div>\r\n    <!-- ==================================================\r\n    End Job Short Description  -->\r\n\r\n        <\/div>\n<\/div>\n<!-- ==================================================\nEnd Jobs List View -->\n\n<div class=\"clearfix\"><\/div>\n\n\r\n    <\/div> <!-- end Jobs Listing: List View -->\r\n<\/div>\r\n<!-- End: Jobs Listing -->\r\n\r\n<div class=\"clearfix\"><\/div>\r\n<\/div>\r\n<!-- End: Jobs Listing Wrapper -->\r\n\r\n\n<\/div><\/div><\/div><\/div>\n","protected":false},"excerpt":{"rendered":"","protected":false},"author":1,"featured_media":21923,"parent":0,"menu_order":4,"comment_status":"closed","ping_status":"closed","template":"100-width.php","meta":{"_acf_changed":false,"footnotes":""},"class_list":["post-20807","page","type-page","status-publish","has-post-thumbnail","hentry"],"acf":[],"yoast_head":"<!-- This site is optimized with the Yoast SEO plugin v27.3 - https:\/\/yoast.com\/product\/yoast-seo-wordpress\/ -->\n<title>Carri\u00e8res - Family-Therapy\u2122<\/title>\n<meta name=\"robots\" content=\"index, follow, max-snippet:-1, max-image-preview:large, max-video-preview:-1\" \/>\n<link rel=\"canonical\" href=\"https:\/\/family-therapy.ca\/fr\/carrieres\/\" \/>\n<meta property=\"og:locale\" content=\"fr_FR\" \/>\n<meta property=\"og:type\" content=\"article\" \/>\n<meta property=\"og:title\" content=\"Carri\u00e8res - Family-Therapy\u2122\" \/>\n<meta property=\"og:url\" content=\"https:\/\/family-therapy.ca\/fr\/carrieres\/\" \/>\n<meta property=\"og:site_name\" content=\"Family-Therapy\u2122\" \/>\n<meta property=\"article:modified_time\" content=\"2025-09-23T08:30:31+00:00\" \/>\n<meta property=\"og:image\" content=\"https:\/\/family-therapy.ca\/wp-content\/uploads\/2025\/10\/banner-8-1.webp\" \/>\n\t<meta property=\"og:image:width\" content=\"710\" \/>\n\t<meta property=\"og:image:height\" content=\"485\" \/>\n\t<meta property=\"og:image:type\" content=\"image\/webp\" \/>\n<meta name=\"twitter:card\" content=\"summary_large_image\" \/>\n<meta name=\"twitter:label1\" content=\"Dur\u00e9e de lecture estim\u00e9e\" \/>\n\t<meta name=\"twitter:data1\" content=\"5 minutes\" \/>\n<script type=\"application\/ld+json\" class=\"yoast-schema-graph\">{\"@context\":\"https:\\\/\\\/schema.org\",\"@graph\":[{\"@type\":\"WebPage\",\"@id\":\"https:\\\/\\\/family-therapy.ca\\\/fr\\\/carrieres\\\/\",\"url\":\"https:\\\/\\\/family-therapy.ca\\\/fr\\\/carrieres\\\/\",\"name\":\"Carri\u00e8res - Family-Therapy\u2122\",\"isPartOf\":{\"@id\":\"https:\\\/\\\/family-therapy.ca\\\/fr\\\/#website\"},\"primaryImageOfPage\":{\"@id\":\"https:\\\/\\\/family-therapy.ca\\\/fr\\\/carrieres\\\/#primaryimage\"},\"image\":{\"@id\":\"https:\\\/\\\/family-therapy.ca\\\/fr\\\/carrieres\\\/#primaryimage\"},\"thumbnailUrl\":\"https:\\\/\\\/family-therapy.ca\\\/wp-content\\\/uploads\\\/2025\\\/10\\\/banner-8-1.webp\",\"datePublished\":\"2025-07-01T11:20:53+00:00\",\"dateModified\":\"2025-09-23T08:30:31+00:00\",\"breadcrumb\":{\"@id\":\"https:\\\/\\\/family-therapy.ca\\\/fr\\\/carrieres\\\/#breadcrumb\"},\"inLanguage\":\"fr-FR\",\"potentialAction\":[{\"@type\":\"ReadAction\",\"target\":[\"https:\\\/\\\/family-therapy.ca\\\/fr\\\/carrieres\\\/\"]}]},{\"@type\":\"ImageObject\",\"inLanguage\":\"fr-FR\",\"@id\":\"https:\\\/\\\/family-therapy.ca\\\/fr\\\/carrieres\\\/#primaryimage\",\"url\":\"https:\\\/\\\/family-therapy.ca\\\/wp-content\\\/uploads\\\/2025\\\/10\\\/banner-8-1.webp\",\"contentUrl\":\"https:\\\/\\\/family-therapy.ca\\\/wp-content\\\/uploads\\\/2025\\\/10\\\/banner-8-1.webp\",\"width\":710,\"height\":485},{\"@type\":\"BreadcrumbList\",\"@id\":\"https:\\\/\\\/family-therapy.ca\\\/fr\\\/carrieres\\\/#breadcrumb\",\"itemListElement\":[{\"@type\":\"ListItem\",\"position\":1,\"name\":\"Home\",\"item\":\"https:\\\/\\\/family-therapy.ca\\\/fr\\\/\"},{\"@type\":\"ListItem\",\"position\":2,\"name\":\"Carri\u00e8res\"}]},{\"@type\":\"WebSite\",\"@id\":\"https:\\\/\\\/family-therapy.ca\\\/fr\\\/#website\",\"url\":\"https:\\\/\\\/family-therapy.ca\\\/fr\\\/\",\"name\":\"Family-Therapy\u2122\",\"description\":\"\",\"potentialAction\":[{\"@type\":\"SearchAction\",\"target\":{\"@type\":\"EntryPoint\",\"urlTemplate\":\"https:\\\/\\\/family-therapy.ca\\\/fr\\\/?s={search_term_string}\"},\"query-input\":{\"@type\":\"PropertyValueSpecification\",\"valueRequired\":true,\"valueName\":\"search_term_string\"}}],\"inLanguage\":\"fr-FR\"}]}<\/script>\n<!-- \/ Yoast SEO plugin. -->","yoast_head_json":{"title":"Carri\u00e8res - Family-Therapy\u2122","robots":{"index":"index","follow":"follow","max-snippet":"max-snippet:-1","max-image-preview":"max-image-preview:large","max-video-preview":"max-video-preview:-1"},"canonical":"https:\/\/family-therapy.ca\/fr\/carrieres\/","og_locale":"fr_FR","og_type":"article","og_title":"Carri\u00e8res - Family-Therapy\u2122","og_url":"https:\/\/family-therapy.ca\/fr\/carrieres\/","og_site_name":"Family-Therapy\u2122","article_modified_time":"2025-09-23T08:30:31+00:00","og_image":[{"width":710,"height":485,"url":"https:\/\/family-therapy.ca\/wp-content\/uploads\/2025\/10\/banner-8-1.webp","type":"image\/webp"}],"twitter_card":"summary_large_image","twitter_misc":{"Dur\u00e9e de lecture estim\u00e9e":"5 minutes"},"schema":{"@context":"https:\/\/schema.org","@graph":[{"@type":"WebPage","@id":"https:\/\/family-therapy.ca\/fr\/carrieres\/","url":"https:\/\/family-therapy.ca\/fr\/carrieres\/","name":"Carri\u00e8res - Family-Therapy\u2122","isPartOf":{"@id":"https:\/\/family-therapy.ca\/fr\/#website"},"primaryImageOfPage":{"@id":"https:\/\/family-therapy.ca\/fr\/carrieres\/#primaryimage"},"image":{"@id":"https:\/\/family-therapy.ca\/fr\/carrieres\/#primaryimage"},"thumbnailUrl":"https:\/\/family-therapy.ca\/wp-content\/uploads\/2025\/10\/banner-8-1.webp","datePublished":"2025-07-01T11:20:53+00:00","dateModified":"2025-09-23T08:30:31+00:00","breadcrumb":{"@id":"https:\/\/family-therapy.ca\/fr\/carrieres\/#breadcrumb"},"inLanguage":"fr-FR","potentialAction":[{"@type":"ReadAction","target":["https:\/\/family-therapy.ca\/fr\/carrieres\/"]}]},{"@type":"ImageObject","inLanguage":"fr-FR","@id":"https:\/\/family-therapy.ca\/fr\/carrieres\/#primaryimage","url":"https:\/\/family-therapy.ca\/wp-content\/uploads\/2025\/10\/banner-8-1.webp","contentUrl":"https:\/\/family-therapy.ca\/wp-content\/uploads\/2025\/10\/banner-8-1.webp","width":710,"height":485},{"@type":"BreadcrumbList","@id":"https:\/\/family-therapy.ca\/fr\/carrieres\/#breadcrumb","itemListElement":[{"@type":"ListItem","position":1,"name":"Home","item":"https:\/\/family-therapy.ca\/fr\/"},{"@type":"ListItem","position":2,"name":"Carri\u00e8res"}]},{"@type":"WebSite","@id":"https:\/\/family-therapy.ca\/fr\/#website","url":"https:\/\/family-therapy.ca\/fr\/","name":"Family-Therapy\u2122","description":"","potentialAction":[{"@type":"SearchAction","target":{"@type":"EntryPoint","urlTemplate":"https:\/\/family-therapy.ca\/fr\/?s={search_term_string}"},"query-input":{"@type":"PropertyValueSpecification","valueRequired":true,"valueName":"search_term_string"}}],"inLanguage":"fr-FR"}]}},"_links":{"self":[{"href":"https:\/\/family-therapy.ca\/fr\/wp-json\/wp\/v2\/pages\/20807","targetHints":{"allow":["GET"]}}],"collection":[{"href":"https:\/\/family-therapy.ca\/fr\/wp-json\/wp\/v2\/pages"}],"about":[{"href":"https:\/\/family-therapy.ca\/fr\/wp-json\/wp\/v2\/types\/page"}],"author":[{"embeddable":true,"href":"https:\/\/family-therapy.ca\/fr\/wp-json\/wp\/v2\/users\/1"}],"replies":[{"embeddable":true,"href":"https:\/\/family-therapy.ca\/fr\/wp-json\/wp\/v2\/comments?post=20807"}],"version-history":[{"count":0,"href":"https:\/\/family-therapy.ca\/fr\/wp-json\/wp\/v2\/pages\/20807\/revisions"}],"wp:featuredmedia":[{"embeddable":true,"href":"https:\/\/family-therapy.ca\/fr\/wp-json\/wp\/v2\/media\/21923"}],"wp:attachment":[{"href":"https:\/\/family-therapy.ca\/fr\/wp-json\/wp\/v2\/media?parent=20807"}],"curies":[{"name":"wp","href":"https:\/\/api.w.org\/{rel}","templated":true}]}}