{"id":20332,"date":"2025-07-21T11:42:29","date_gmt":"2025-07-21T11:42:29","guid":{"rendered":"https:\/\/devfamilythera.wpenginepowered.com\/?page_id=20332"},"modified":"2025-07-22T08:46:53","modified_gmt":"2025-07-22T08:46:53","slug":"merci-contact","status":"publish","type":"page","link":"https:\/\/family-therapy.ca\/fr\/merci-contact\/","title":{"rendered":"Merci Contact"},"content":{"rendered":"<div class=\"fusion-fullwidth fullwidth-box fusion-builder-row-1 fusion-flex-container has-pattern-background has-mask-background nonhundred-percent-fullwidth non-hundred-percent-height-scrolling\" style=\"--awb-border-radius-top-left:0px;--awb-border-radius-top-right:0px;--awb-border-radius-bottom-right:0px;--awb-border-radius-bottom-left:0px;--awb-padding-top:50px;--awb-padding-bottom:50px;--awb-flex-wrap:wrap;\" ><div class=\"fusion-builder-row fusion-row fusion-flex-align-items-flex-start fusion-flex-content-wrap\" style=\"max-width:1539.2px;margin-left: calc(-4% \/ 2 );margin-right: calc(-4% \/ 2 );\"><div class=\"fusion-layout-column fusion_builder_column fusion-builder-column-0 fusion_builder_column_1_1 1_1 fusion-flex-column\" style=\"--awb-bg-size:cover;--awb-width-large:100%;--awb-margin-top-large:0px;--awb-spacing-right-large:1.92%;--awb-margin-bottom-large:20px;--awb-spacing-left-large:1.92%;--awb-width-medium:100%;--awb-order-medium:0;--awb-spacing-right-medium:1.92%;--awb-spacing-left-medium:1.92%;--awb-width-small:100%;--awb-order-small:0;--awb-spacing-right-small:1.92%;--awb-spacing-left-small:1.92%;\"><div class=\"fusion-column-wrapper fusion-column-has-shadow fusion-flex-justify-content-flex-start fusion-content-layout-column\"><div class=\"fusion-title title fusion-title-1 fusion-sep-none fusion-title-center fusion-title-text fusion-title-size-one\" style=\"--awb-margin-top-small:10px;--awb-margin-right-small:0px;--awb-margin-bottom-small:10px;--awb-margin-left-small:0px;\"><h1 class=\"fusion-title-heading title-heading-center fusion-responsive-typography-calculated\" style=\"margin:0;--fontSize:64;line-height:1.1;\">Merci<\/h1><\/div><div class=\"fusion-text fusion-text-1\" style=\"--awb-content-alignment:center;\"><p>Nous vous remercions de votre demande par courrier \u00e9lectronique. Nous vous r\u00e9pondrons dans les 24 heures, sauf si vous nous avez envoy\u00e9 un courriel le vendredi apr\u00e8s-midi, le week-end ou un jour f\u00e9ri\u00e9.<\/p>\n<\/div><div style=\"text-align:center;\"><a class=\"fusion-button button-flat fusion-button-default-size button-default fusion-button-default button-1 fusion-button-default-span fusion-button-default-type\" style=\"--button_margin-top:30px;\" target=\"_self\" href=\"\/\"><span class=\"fusion-button-text awb-button__text awb-button__text--default\">Retourner au site web<\/span><\/a><\/div><\/div><\/div><\/div><\/div>\n","protected":false},"excerpt":{"rendered":"","protected":false},"author":1,"featured_media":0,"parent":0,"menu_order":0,"comment_status":"closed","ping_status":"closed","template":"100-width.php","meta":{"_acf_changed":false,"footnotes":""},"class_list":["post-20332","page","type-page","status-publish","hentry"],"acf":[],"yoast_head":"<!-- This site is optimized with the Yoast SEO plugin v27.3 - https:\/\/yoast.com\/product\/yoast-seo-wordpress\/ -->\n<title>Merci Contact - Family-Therapy\u2122<\/title>\n<meta name=\"robots\" content=\"index, follow, max-snippet:-1, max-image-preview:large, max-video-preview:-1\" \/>\n<link rel=\"canonical\" href=\"https:\/\/family-therapy.ca\/fr\/merci-contact\/\" \/>\n<meta property=\"og:locale\" content=\"fr_FR\" \/>\n<meta property=\"og:type\" content=\"article\" \/>\n<meta property=\"og:title\" content=\"Merci Contact - Family-Therapy\u2122\" \/>\n<meta property=\"og:url\" content=\"https:\/\/family-therapy.ca\/fr\/merci-contact\/\" \/>\n<meta property=\"og:site_name\" content=\"Family-Therapy\u2122\" \/>\n<meta property=\"article:modified_time\" content=\"2025-07-22T08:46:53+00:00\" \/>\n<meta name=\"twitter:card\" content=\"summary_large_image\" \/>\n<meta name=\"twitter:label1\" content=\"Dur\u00e9e de lecture estim\u00e9e\" \/>\n\t<meta name=\"twitter:data1\" content=\"8 minutes\" \/>\n<script type=\"application\/ld+json\" class=\"yoast-schema-graph\">{\"@context\":\"https:\\\/\\\/schema.org\",\"@graph\":[{\"@type\":\"WebPage\",\"@id\":\"https:\\\/\\\/family-therapy.ca\\\/fr\\\/merci-contact\\\/\",\"url\":\"https:\\\/\\\/family-therapy.ca\\\/fr\\\/merci-contact\\\/\",\"name\":\"Merci Contact - Family-Therapy\u2122\",\"isPartOf\":{\"@id\":\"https:\\\/\\\/family-therapy.ca\\\/fr\\\/#website\"},\"datePublished\":\"2025-07-21T11:42:29+00:00\",\"dateModified\":\"2025-07-22T08:46:53+00:00\",\"breadcrumb\":{\"@id\":\"https:\\\/\\\/family-therapy.ca\\\/fr\\\/merci-contact\\\/#breadcrumb\"},\"inLanguage\":\"fr-FR\",\"potentialAction\":[{\"@type\":\"ReadAction\",\"target\":[\"https:\\\/\\\/family-therapy.ca\\\/fr\\\/merci-contact\\\/\"]}]},{\"@type\":\"BreadcrumbList\",\"@id\":\"https:\\\/\\\/family-therapy.ca\\\/fr\\\/merci-contact\\\/#breadcrumb\",\"itemListElement\":[{\"@type\":\"ListItem\",\"position\":1,\"name\":\"Home\",\"item\":\"https:\\\/\\\/family-therapy.ca\\\/fr\\\/\"},{\"@type\":\"ListItem\",\"position\":2,\"name\":\"Merci Contact\"}]},{\"@type\":\"WebSite\",\"@id\":\"https:\\\/\\\/family-therapy.ca\\\/fr\\\/#website\",\"url\":\"https:\\\/\\\/family-therapy.ca\\\/fr\\\/\",\"name\":\"Family-Therapy\u2122\",\"description\":\"\",\"potentialAction\":[{\"@type\":\"SearchAction\",\"target\":{\"@type\":\"EntryPoint\",\"urlTemplate\":\"https:\\\/\\\/family-therapy.ca\\\/fr\\\/?s={search_term_string}\"},\"query-input\":{\"@type\":\"PropertyValueSpecification\",\"valueRequired\":true,\"valueName\":\"search_term_string\"}}],\"inLanguage\":\"fr-FR\"}]}<\/script>\n<!-- \/ Yoast SEO plugin. -->","yoast_head_json":{"title":"Merci Contact - Family-Therapy\u2122","robots":{"index":"index","follow":"follow","max-snippet":"max-snippet:-1","max-image-preview":"max-image-preview:large","max-video-preview":"max-video-preview:-1"},"canonical":"https:\/\/family-therapy.ca\/fr\/merci-contact\/","og_locale":"fr_FR","og_type":"article","og_title":"Merci Contact - Family-Therapy\u2122","og_url":"https:\/\/family-therapy.ca\/fr\/merci-contact\/","og_site_name":"Family-Therapy\u2122","article_modified_time":"2025-07-22T08:46:53+00:00","twitter_card":"summary_large_image","twitter_misc":{"Dur\u00e9e de lecture estim\u00e9e":"8 minutes"},"schema":{"@context":"https:\/\/schema.org","@graph":[{"@type":"WebPage","@id":"https:\/\/family-therapy.ca\/fr\/merci-contact\/","url":"https:\/\/family-therapy.ca\/fr\/merci-contact\/","name":"Merci Contact - Family-Therapy\u2122","isPartOf":{"@id":"https:\/\/family-therapy.ca\/fr\/#website"},"datePublished":"2025-07-21T11:42:29+00:00","dateModified":"2025-07-22T08:46:53+00:00","breadcrumb":{"@id":"https:\/\/family-therapy.ca\/fr\/merci-contact\/#breadcrumb"},"inLanguage":"fr-FR","potentialAction":[{"@type":"ReadAction","target":["https:\/\/family-therapy.ca\/fr\/merci-contact\/"]}]},{"@type":"BreadcrumbList","@id":"https:\/\/family-therapy.ca\/fr\/merci-contact\/#breadcrumb","itemListElement":[{"@type":"ListItem","position":1,"name":"Home","item":"https:\/\/family-therapy.ca\/fr\/"},{"@type":"ListItem","position":2,"name":"Merci Contact"}]},{"@type":"WebSite","@id":"https:\/\/family-therapy.ca\/fr\/#website","url":"https:\/\/family-therapy.ca\/fr\/","name":"Family-Therapy\u2122","description":"","potentialAction":[{"@type":"SearchAction","target":{"@type":"EntryPoint","urlTemplate":"https:\/\/family-therapy.ca\/fr\/?s={search_term_string}"},"query-input":{"@type":"PropertyValueSpecification","valueRequired":true,"valueName":"search_term_string"}}],"inLanguage":"fr-FR"}]}},"_links":{"self":[{"href":"https:\/\/family-therapy.ca\/fr\/wp-json\/wp\/v2\/pages\/20332","targetHints":{"allow":["GET"]}}],"collection":[{"href":"https:\/\/family-therapy.ca\/fr\/wp-json\/wp\/v2\/pages"}],"about":[{"href":"https:\/\/family-therapy.ca\/fr\/wp-json\/wp\/v2\/types\/page"}],"author":[{"embeddable":true,"href":"https:\/\/family-therapy.ca\/fr\/wp-json\/wp\/v2\/users\/1"}],"replies":[{"embeddable":true,"href":"https:\/\/family-therapy.ca\/fr\/wp-json\/wp\/v2\/comments?post=20332"}],"version-history":[{"count":0,"href":"https:\/\/family-therapy.ca\/fr\/wp-json\/wp\/v2\/pages\/20332\/revisions"}],"wp:attachment":[{"href":"https:\/\/family-therapy.ca\/fr\/wp-json\/wp\/v2\/media?parent=20332"}],"curies":[{"name":"wp","href":"https:\/\/api.w.org\/{rel}","templated":true}]}}